{"id":29659,"date":"2024-02-27T14:07:03","date_gmt":"2024-02-27T14:07:03","guid":{"rendered":"https:\/\/zoozone.lv\/product\/tetra-goldfish-food-12g\/"},"modified":"2024-04-10T16:31:17","modified_gmt":"2024-04-10T16:31:17","slug":"tetra-goldfish-food-12g","status":"publish","type":"product","link":"https:\/\/zoozone.lv\/ru\/product\/tetra-goldfish-food-12g\/","title":{"rendered":"Tetra Goldfish Food 12g"},"content":{"rendered":"<p>Bar\u012bba zelta zivti\u0146\u0101m<\/p>\n","protected":false},"excerpt":{"rendered":"<p>Bar\u012bba zelta zivti\u0146\u0101m<\/p>\n","protected":false},"featured_media":29223,"comment_status":"open","ping_status":"closed","template":"","meta":{"nf_dc_page":""},"product_brand":[],"product_cat":[339,323],"product_tag":[],"class_list":{"0":"post-29659","1":"product","2":"type-product","3":"status-publish","4":"has-post-thumbnail","6":"product_cat-339","7":"product_cat-323","9":"first","10":"instock","11":"taxable","12":"shipping-taxable","13":"purchasable","14":"product-type-simple"},"_links":{"self":[{"href":"https:\/\/zoozone.lv\/ru\/wp-json\/wp\/v2\/product\/29659","targetHints":{"allow":["GET"]}}],"collection":[{"href":"https:\/\/zoozone.lv\/ru\/wp-json\/wp\/v2\/product"}],"about":[{"href":"https:\/\/zoozone.lv\/ru\/wp-json\/wp\/v2\/types\/product"}],"replies":[{"embeddable":true,"href":"https:\/\/zoozone.lv\/ru\/wp-json\/wp\/v2\/comments?post=29659"}],"version-history":[{"count":2,"href":"https:\/\/zoozone.lv\/ru\/wp-json\/wp\/v2\/product\/29659\/revisions"}],"predecessor-version":[{"id":31076,"href":"https:\/\/zoozone.lv\/ru\/wp-json\/wp\/v2\/product\/29659\/revisions\/31076"}],"wp:featuredmedia":[{"embeddable":true,"href":"https:\/\/zoozone.lv\/ru\/wp-json\/wp\/v2\/media\/29223"}],"wp:attachment":[{"href":"https:\/\/zoozone.lv\/ru\/wp-json\/wp\/v2\/media?parent=29659"}],"wp:term":[{"taxonomy":"product_brand","embeddable":true,"href":"https:\/\/zoozone.lv\/ru\/wp-json\/wp\/v2\/product_brand?post=29659"},{"taxonomy":"product_cat","embeddable":true,"href":"https:\/\/zoozone.lv\/ru\/wp-json\/wp\/v2\/product_cat?post=29659"},{"taxonomy":"product_tag","embeddable":true,"href":"https:\/\/zoozone.lv\/ru\/wp-json\/wp\/v2\/product_tag?post=29659"}],"curies":[{"name":"wp","href":"https:\/\/api.w.org\/{rel}","templated":true}]}}