{"id":29606,"date":"2024-02-27T14:00:46","date_gmt":"2024-02-27T14:00:46","guid":{"rendered":"https:\/\/zoozone.lv\/product\/tetra-goldfish-crisps-250-ml\/"},"modified":"2024-04-10T16:35:49","modified_gmt":"2024-04-10T16:35:49","slug":"tetra-goldfish-crisps-250-ml","status":"publish","type":"product","link":"https:\/\/zoozone.lv\/ru\/product\/tetra-goldfish-crisps-250-ml\/","title":{"rendered":"Tetra Goldfish Crisps 250 ml"},"content":{"rendered":"<p>Bar\u012bba zelta zivti\u0146\u0101m<\/p>\n","protected":false},"excerpt":{"rendered":"<p>Bar\u012bba zelta zivti\u0146\u0101m<\/p>\n","protected":false},"featured_media":29208,"comment_status":"open","ping_status":"closed","template":"","meta":{"nf_dc_page":""},"product_brand":[],"product_cat":[339,323],"product_tag":[],"class_list":{"0":"post-29606","1":"product","2":"type-product","3":"status-publish","4":"has-post-thumbnail","6":"product_cat-339","7":"product_cat-323","9":"first","10":"instock","11":"taxable","12":"shipping-taxable","13":"purchasable","14":"product-type-simple"},"_links":{"self":[{"href":"https:\/\/zoozone.lv\/ru\/wp-json\/wp\/v2\/product\/29606","targetHints":{"allow":["GET"]}}],"collection":[{"href":"https:\/\/zoozone.lv\/ru\/wp-json\/wp\/v2\/product"}],"about":[{"href":"https:\/\/zoozone.lv\/ru\/wp-json\/wp\/v2\/types\/product"}],"replies":[{"embeddable":true,"href":"https:\/\/zoozone.lv\/ru\/wp-json\/wp\/v2\/comments?post=29606"}],"version-history":[{"count":1,"href":"https:\/\/zoozone.lv\/ru\/wp-json\/wp\/v2\/product\/29606\/revisions"}],"predecessor-version":[{"id":31082,"href":"https:\/\/zoozone.lv\/ru\/wp-json\/wp\/v2\/product\/29606\/revisions\/31082"}],"wp:featuredmedia":[{"embeddable":true,"href":"https:\/\/zoozone.lv\/ru\/wp-json\/wp\/v2\/media\/29208"}],"wp:attachment":[{"href":"https:\/\/zoozone.lv\/ru\/wp-json\/wp\/v2\/media?parent=29606"}],"wp:term":[{"taxonomy":"product_brand","embeddable":true,"href":"https:\/\/zoozone.lv\/ru\/wp-json\/wp\/v2\/product_brand?post=29606"},{"taxonomy":"product_cat","embeddable":true,"href":"https:\/\/zoozone.lv\/ru\/wp-json\/wp\/v2\/product_cat?post=29606"},{"taxonomy":"product_tag","embeddable":true,"href":"https:\/\/zoozone.lv\/ru\/wp-json\/wp\/v2\/product_tag?post=29606"}],"curies":[{"name":"wp","href":"https:\/\/api.w.org\/{rel}","templated":true}]}}