{"id":29086,"date":"2024-02-26T09:02:07","date_gmt":"2024-02-26T09:02:07","guid":{"rendered":"https:\/\/zoozone.lv\/product\/tetra-%d0%b2%d0%bd%d0%b5%d1%88%d0%bd%d0%b8%d0%b9-%d1%84%d0%b8%d0%bb%d1%8c%d1%82%d1%80-ex-plus-%d1%80%d0%b0%d0%b7%d0%bb%d0%b8%d1%87%d0%bd%d1%8b%d0%b5-%d1%80%d0%b0%d0%b7%d0%bc%d0%b5%d1%80%d1%8b\/"},"modified":"2024-02-26T09:02:07","modified_gmt":"2024-02-26T09:02:07","slug":"tetra-%d0%b2%d0%bd%d0%b5%d1%88%d0%bd%d0%b8%d0%b9-%d1%84%d0%b8%d0%bb%d1%8c%d1%82%d1%80-ex-plus-%d1%80%d0%b0%d0%b7%d0%bb%d0%b8%d1%87%d0%bd%d1%8b%d0%b5-%d1%80%d0%b0%d0%b7%d0%bc%d0%b5%d1%80%d1%8b","status":"publish","type":"product","link":"https:\/\/zoozone.lv\/ru\/product\/tetra-%d0%b2%d0%bd%d0%b5%d1%88%d0%bd%d0%b8%d0%b9-%d1%84%d0%b8%d0%bb%d1%8c%d1%82%d1%80-ex-plus-%d1%80%d0%b0%d0%b7%d0%bb%d0%b8%d1%87%d0%bd%d1%8b%d0%b5-%d1%80%d0%b0%d0%b7%d0%bc%d0%b5%d1%80%d1%8b\/","title":{"rendered":"Tetra \u0412\u043d\u0435\u0448\u043d\u0438\u0439 \u0444\u0438\u043b\u044c\u0442\u0440 EX Plus (\u0440\u0430\u0437\u043b\u0438\u0447\u043d\u044b\u0435 \u0440\u0430\u0437\u043c\u0435\u0440\u044b)"},"content":{"rendered":"<p>EX 500 ( l\u012bdz 100 l )<\/p>\n<p>EX 700 ( l\u012bdz 200 l )<\/p>\n<p>EX 1000 ( l\u012bdz 300 l )<\/p>\n<p>EX 1500 ( l\u012bdz 600 l )<\/p>\n<p>\u041c\u043e\u0449\u043d\u044b\u0439 \u0432\u043d\u0435\u0448\u043d\u0438\u0439 \u0444\u0438\u043b\u044c\u0442\u0440, \u0444\u0438\u043b\u044c\u0442\u0440\u0443\u044e\u0449\u0438\u0439 \u043c\u0430\u0442\u0435\u0440\u0438\u0430\u043b \u0432 \u043a\u043e\u043c\u043f\u043b\u0435\u043a\u0442\u0435.<\/p>\n","protected":false},"excerpt":{"rendered":"<p>EX 500 ( l\u012bdz 100 l ) EX 700 ( l\u012bdz 200 l ) EX 1000 ( l\u012bdz 300 l<\/p>\n","protected":false},"featured_media":28723,"comment_status":"open","ping_status":"closed","template":"","meta":{"nf_dc_page":""},"product_brand":[],"product_cat":[323,333],"product_tag":[],"class_list":{"0":"post-29086","1":"product","2":"type-product","3":"status-publish","4":"has-post-thumbnail","6":"product_cat-323","7":"product_cat-333","9":"first","10":"instock","11":"taxable","12":"shipping-taxable","13":"purchasable","14":"product-type-variable"},"_links":{"self":[{"href":"https:\/\/zoozone.lv\/ru\/wp-json\/wp\/v2\/product\/29086","targetHints":{"allow":["GET"]}}],"collection":[{"href":"https:\/\/zoozone.lv\/ru\/wp-json\/wp\/v2\/product"}],"about":[{"href":"https:\/\/zoozone.lv\/ru\/wp-json\/wp\/v2\/types\/product"}],"replies":[{"embeddable":true,"href":"https:\/\/zoozone.lv\/ru\/wp-json\/wp\/v2\/comments?post=29086"}],"version-history":[{"count":0,"href":"https:\/\/zoozone.lv\/ru\/wp-json\/wp\/v2\/product\/29086\/revisions"}],"wp:featuredmedia":[{"embeddable":true,"href":"https:\/\/zoozone.lv\/ru\/wp-json\/wp\/v2\/media\/28723"}],"wp:attachment":[{"href":"https:\/\/zoozone.lv\/ru\/wp-json\/wp\/v2\/media?parent=29086"}],"wp:term":[{"taxonomy":"product_brand","embeddable":true,"href":"https:\/\/zoozone.lv\/ru\/wp-json\/wp\/v2\/product_brand?post=29086"},{"taxonomy":"product_cat","embeddable":true,"href":"https:\/\/zoozone.lv\/ru\/wp-json\/wp\/v2\/product_cat?post=29086"},{"taxonomy":"product_tag","embeddable":true,"href":"https:\/\/zoozone.lv\/ru\/wp-json\/wp\/v2\/product_tag?post=29086"}],"curies":[{"name":"wp","href":"https:\/\/api.w.org\/{rel}","templated":true}]}}