{"id":29073,"date":"2024-02-26T09:09:03","date_gmt":"2024-02-26T09:09:03","guid":{"rendered":"https:\/\/zoozone.lv\/product\/%d0%bb%d0%b5%d0%b7%d0%b2%d0%b8%d1%8f-tetra-%d0%b4%d0%bb%d1%8f-%d0%be%d1%87%d0%b8%d1%81%d1%82%d0%b8%d1%82%d0%b5%d0%bb%d1%8f-%d1%81%d1%82%d0%b5%d0%ba%d0%be%d0%bb-%d0%b0%d0%ba%d0%b2%d0%b0%d1%80%d0%b8\/"},"modified":"2024-04-10T19:01:52","modified_gmt":"2024-04-10T19:01:52","slug":"%d0%bb%d0%b5%d0%b7%d0%b2%d0%b8%d1%8f-tetra-%d0%b4%d0%bb%d1%8f-%d0%be%d1%87%d0%b8%d1%81%d1%82%d0%b8%d1%82%d0%b5%d0%bb%d1%8f-%d1%81%d1%82%d0%b5%d0%ba%d0%be%d0%bb-%d0%b0%d0%ba%d0%b2%d0%b0%d1%80%d0%b8","status":"publish","type":"product","link":"https:\/\/zoozone.lv\/ru\/product\/%d0%bb%d0%b5%d0%b7%d0%b2%d0%b8%d1%8f-tetra-%d0%b4%d0%bb%d1%8f-%d0%be%d1%87%d0%b8%d1%81%d1%82%d0%b8%d1%82%d0%b5%d0%bb%d1%8f-%d1%81%d1%82%d0%b5%d0%ba%d0%be%d0%bb-%d0%b0%d0%ba%d0%b2%d0%b0%d1%80%d0%b8\/","title":{"rendered":"\u041b\u0435\u0437\u0432\u0438\u044f Tetra \u0434\u043b\u044f \u043e\u0447\u0438\u0441\u0442\u0438\u0442\u0435\u043b\u044f \u0441\u0442\u0435\u043a\u043e\u043b \u0430\u043a\u0432\u0430\u0440\u0438\u0443\u043c\u0430 SB45"},"content":{"rendered":"<p>Rezerves asme\u0146i priek\u0161 Tetra GS 45, ner\u016bs\u0113jo\u0161ais t\u0113rauds, \u012bpa\u0161i asi.<\/p>\n","protected":false},"excerpt":{"rendered":"<p>Rezerves asme\u0146i priek\u0161 Tetra GS 45, ner\u016bs\u0113jo\u0161ais t\u0113rauds, \u012bpa\u0161i asi.<\/p>\n","protected":false},"featured_media":28748,"comment_status":"open","ping_status":"closed","template":"","meta":{"nf_dc_page":""},"product_brand":[],"product_cat":[323,325],"product_tag":[],"class_list":{"0":"post-29073","1":"product","2":"type-product","3":"status-publish","4":"has-post-thumbnail","6":"product_cat-323","7":"product_cat-325","9":"first","10":"instock","11":"taxable","12":"shipping-taxable","13":"purchasable","14":"product-type-simple"},"_links":{"self":[{"href":"https:\/\/zoozone.lv\/ru\/wp-json\/wp\/v2\/product\/29073","targetHints":{"allow":["GET"]}}],"collection":[{"href":"https:\/\/zoozone.lv\/ru\/wp-json\/wp\/v2\/product"}],"about":[{"href":"https:\/\/zoozone.lv\/ru\/wp-json\/wp\/v2\/types\/product"}],"replies":[{"embeddable":true,"href":"https:\/\/zoozone.lv\/ru\/wp-json\/wp\/v2\/comments?post=29073"}],"version-history":[{"count":1,"href":"https:\/\/zoozone.lv\/ru\/wp-json\/wp\/v2\/product\/29073\/revisions"}],"predecessor-version":[{"id":31166,"href":"https:\/\/zoozone.lv\/ru\/wp-json\/wp\/v2\/product\/29073\/revisions\/31166"}],"wp:featuredmedia":[{"embeddable":true,"href":"https:\/\/zoozone.lv\/ru\/wp-json\/wp\/v2\/media\/28748"}],"wp:attachment":[{"href":"https:\/\/zoozone.lv\/ru\/wp-json\/wp\/v2\/media?parent=29073"}],"wp:term":[{"taxonomy":"product_brand","embeddable":true,"href":"https:\/\/zoozone.lv\/ru\/wp-json\/wp\/v2\/product_brand?post=29073"},{"taxonomy":"product_cat","embeddable":true,"href":"https:\/\/zoozone.lv\/ru\/wp-json\/wp\/v2\/product_cat?post=29073"},{"taxonomy":"product_tag","embeddable":true,"href":"https:\/\/zoozone.lv\/ru\/wp-json\/wp\/v2\/product_tag?post=29073"}],"curies":[{"name":"wp","href":"https:\/\/api.w.org\/{rel}","templated":true}]}}