{"id":26420,"date":"2024-02-15T08:44:47","date_gmt":"2024-02-15T08:44:47","guid":{"rendered":"https:\/\/zoozone.lv\/?post_type=product&#038;p=26420"},"modified":"2024-02-15T08:44:47","modified_gmt":"2024-02-15T08:44:47","slug":"cepumi-suniem-perfecto-bunte-knochen-400gr","status":"publish","type":"product","link":"https:\/\/zoozone.lv\/ru\/product\/cepumi-suniem-perfecto-bunte-knochen-400gr\/","title":{"rendered":"Cepumi su\u0146iem Perfecto Bunte Knochen 400gr"},"content":{"rendered":"<p>Su\u0146u uzkodu cepumi kaulu form\u0101 ar ga\u013cu.<\/p>\n","protected":false},"excerpt":{"rendered":"<p>Su\u0146u uzkodu cepumi kaulu form\u0101 ar ga\u013cu.<\/p>\n","protected":false},"featured_media":26424,"comment_status":"open","ping_status":"closed","template":"","meta":{"nf_dc_page":""},"product_brand":[],"product_cat":[398,416],"product_tag":[],"class_list":{"0":"post-26420","1":"product","2":"type-product","3":"status-publish","4":"has-post-thumbnail","6":"product_cat-suni","7":"product_cat-sunu-uzkodas","9":"first","10":"instock","11":"taxable","12":"shipping-taxable","13":"purchasable","14":"product-type-simple"},"_links":{"self":[{"href":"https:\/\/zoozone.lv\/ru\/wp-json\/wp\/v2\/product\/26420","targetHints":{"allow":["GET"]}}],"collection":[{"href":"https:\/\/zoozone.lv\/ru\/wp-json\/wp\/v2\/product"}],"about":[{"href":"https:\/\/zoozone.lv\/ru\/wp-json\/wp\/v2\/types\/product"}],"replies":[{"embeddable":true,"href":"https:\/\/zoozone.lv\/ru\/wp-json\/wp\/v2\/comments?post=26420"}],"version-history":[{"count":1,"href":"https:\/\/zoozone.lv\/ru\/wp-json\/wp\/v2\/product\/26420\/revisions"}],"predecessor-version":[{"id":26427,"href":"https:\/\/zoozone.lv\/ru\/wp-json\/wp\/v2\/product\/26420\/revisions\/26427"}],"wp:featuredmedia":[{"embeddable":true,"href":"https:\/\/zoozone.lv\/ru\/wp-json\/wp\/v2\/media\/26424"}],"wp:attachment":[{"href":"https:\/\/zoozone.lv\/ru\/wp-json\/wp\/v2\/media?parent=26420"}],"wp:term":[{"taxonomy":"product_brand","embeddable":true,"href":"https:\/\/zoozone.lv\/ru\/wp-json\/wp\/v2\/product_brand?post=26420"},{"taxonomy":"product_cat","embeddable":true,"href":"https:\/\/zoozone.lv\/ru\/wp-json\/wp\/v2\/product_cat?post=26420"},{"taxonomy":"product_tag","embeddable":true,"href":"https:\/\/zoozone.lv\/ru\/wp-json\/wp\/v2\/product_tag?post=26420"}],"curies":[{"name":"wp","href":"https:\/\/api.w.org\/{rel}","templated":true}]}}