{"id":25597,"date":"2024-02-11T18:46:30","date_gmt":"2024-02-11T18:46:30","guid":{"rendered":"https:\/\/zoozone.lv\/product\/vitakraft-%d0%bf%d0%be%d0%b4%d0%be%d0%b4%d0%b5%d1%8f%d0%bb%d1%8c%d0%bd%d0%b8%d0%ba-%d0%b4%d0%bb%d1%8f-%d0%b0%d0%b2%d1%82%d0%be%d0%bc%d0%be%d0%b1%d0%b8%d0%bb%d1%8f\/"},"modified":"2024-02-12T11:13:07","modified_gmt":"2024-02-12T11:13:07","slug":"vitakraft-%d0%bf%d0%be%d0%b4%d0%be%d0%b4%d0%b5%d1%8f%d0%bb%d1%8c%d0%bd%d0%b8%d0%ba-%d0%b4%d0%bb%d1%8f-%d0%b0%d0%b2%d1%82%d0%be%d0%bc%d0%be%d0%b1%d0%b8%d0%bb%d1%8f","status":"publish","type":"product","link":"https:\/\/zoozone.lv\/ru\/product\/vitakraft-%d0%bf%d0%be%d0%b4%d0%be%d0%b4%d0%b5%d1%8f%d0%bb%d1%8c%d0%bd%d0%b8%d0%ba-%d0%b4%d0%bb%d1%8f-%d0%b0%d0%b2%d1%82%d0%be%d0%bc%d0%be%d0%b1%d0%b8%d0%bb%d1%8f\/","title":{"rendered":"Vitakraft \u043f\u043b\u0435\u0434-\u0447\u0435\u0445\u043e\u043b \u0434\u043b\u044f \u0430\u0432\u0442\u043e\u043c\u043e\u0431\u0438\u043b\u044f."},"content":{"rendered":"<p>Automa\u0161\u012bnu s\u0113dek\u013cu p\u0101rvalks , 215 cm x 145 cm<\/p>\n","protected":false},"excerpt":{"rendered":"<p>Automa\u0161\u012bnu s\u0113dek\u013cu p\u0101rvalks , 215 cm x 145 cm<\/p>\n","protected":false},"featured_media":25250,"comment_status":"open","ping_status":"closed","template":"","meta":{"nf_dc_page":""},"product_brand":[],"product_cat":[399,397],"product_tag":[],"class_list":{"0":"post-25597","1":"product","2":"type-product","3":"status-publish","4":"has-post-thumbnail","6":"product_cat-399","7":"product_cat-397","9":"first","10":"instock","11":"taxable","12":"shipping-taxable","13":"purchasable","14":"product-type-simple"},"_links":{"self":[{"href":"https:\/\/zoozone.lv\/ru\/wp-json\/wp\/v2\/product\/25597","targetHints":{"allow":["GET"]}}],"collection":[{"href":"https:\/\/zoozone.lv\/ru\/wp-json\/wp\/v2\/product"}],"about":[{"href":"https:\/\/zoozone.lv\/ru\/wp-json\/wp\/v2\/types\/product"}],"replies":[{"embeddable":true,"href":"https:\/\/zoozone.lv\/ru\/wp-json\/wp\/v2\/comments?post=25597"}],"version-history":[{"count":1,"href":"https:\/\/zoozone.lv\/ru\/wp-json\/wp\/v2\/product\/25597\/revisions"}],"predecessor-version":[{"id":25598,"href":"https:\/\/zoozone.lv\/ru\/wp-json\/wp\/v2\/product\/25597\/revisions\/25598"}],"wp:featuredmedia":[{"embeddable":true,"href":"https:\/\/zoozone.lv\/ru\/wp-json\/wp\/v2\/media\/25250"}],"wp:attachment":[{"href":"https:\/\/zoozone.lv\/ru\/wp-json\/wp\/v2\/media?parent=25597"}],"wp:term":[{"taxonomy":"product_brand","embeddable":true,"href":"https:\/\/zoozone.lv\/ru\/wp-json\/wp\/v2\/product_brand?post=25597"},{"taxonomy":"product_cat","embeddable":true,"href":"https:\/\/zoozone.lv\/ru\/wp-json\/wp\/v2\/product_cat?post=25597"},{"taxonomy":"product_tag","embeddable":true,"href":"https:\/\/zoozone.lv\/ru\/wp-json\/wp\/v2\/product_tag?post=25597"}],"curies":[{"name":"wp","href":"https:\/\/api.w.org\/{rel}","templated":true}]}}