{"id":24889,"date":"2024-02-09T13:01:41","date_gmt":"2024-02-09T13:01:41","guid":{"rendered":"https:\/\/zoozone.lv\/?post_type=product&#038;p=24889"},"modified":"2024-02-09T13:01:41","modified_gmt":"2024-02-09T13:01:41","slug":"vitakraft-life-juras-cucinam-06","status":"publish","type":"product","link":"https:\/\/zoozone.lv\/ru\/product\/vitakraft-life-juras-cucinam-06\/","title":{"rendered":"Vitakraft LIFE j\u016bras c\u016bci\u0146\u0101m 0,6"},"content":{"rendered":"<p>Gar\u0161\u012bgais mais\u012bjums j\u016brasc\u016bci\u0146\u0101m satur vitam\u012bnus un mikroelementus. V\u0113rt\u012bgie beta-glik\u0101ni stiprina dz\u012bvnieka aizsargsp\u0113jas, un vesel\u012bg\u0101 kop\u0161\u0137iedras da\u013ca atbalsta ar\u012b gremo\u0161anu.<\/p>\n","protected":false},"excerpt":{"rendered":"<p>Gar\u0161\u012bgais mais\u012bjums j\u016brasc\u016bci\u0146\u0101m satur vitam\u012bnus un mikroelementus. V\u0113rt\u012bgie beta-glik\u0101ni stiprina dz\u012bvnieka aizsargsp\u0113jas, un vesel\u012bg\u0101 kop\u0161\u0137iedras da\u013ca atbalsta ar\u012b gremo\u0161anu.<\/p>\n","protected":false},"featured_media":24890,"comment_status":"open","ping_status":"closed","template":"","meta":{"nf_dc_page":""},"product_brand":[],"product_cat":[442,430,460],"product_tag":[],"class_list":{"0":"post-24889","1":"product","2":"type-product","3":"status-publish","4":"has-post-thumbnail","6":"product_cat-jurascucina","7":"product_cat-mazi-majdzivnieki","8":"product_cat-mazo-majdzivnieku-bariba","10":"first","11":"instock","12":"taxable","13":"shipping-taxable","14":"purchasable","15":"product-type-simple"},"_links":{"self":[{"href":"https:\/\/zoozone.lv\/ru\/wp-json\/wp\/v2\/product\/24889","targetHints":{"allow":["GET"]}}],"collection":[{"href":"https:\/\/zoozone.lv\/ru\/wp-json\/wp\/v2\/product"}],"about":[{"href":"https:\/\/zoozone.lv\/ru\/wp-json\/wp\/v2\/types\/product"}],"replies":[{"embeddable":true,"href":"https:\/\/zoozone.lv\/ru\/wp-json\/wp\/v2\/comments?post=24889"}],"version-history":[{"count":1,"href":"https:\/\/zoozone.lv\/ru\/wp-json\/wp\/v2\/product\/24889\/revisions"}],"predecessor-version":[{"id":24893,"href":"https:\/\/zoozone.lv\/ru\/wp-json\/wp\/v2\/product\/24889\/revisions\/24893"}],"wp:featuredmedia":[{"embeddable":true,"href":"https:\/\/zoozone.lv\/ru\/wp-json\/wp\/v2\/media\/24890"}],"wp:attachment":[{"href":"https:\/\/zoozone.lv\/ru\/wp-json\/wp\/v2\/media?parent=24889"}],"wp:term":[{"taxonomy":"product_brand","embeddable":true,"href":"https:\/\/zoozone.lv\/ru\/wp-json\/wp\/v2\/product_brand?post=24889"},{"taxonomy":"product_cat","embeddable":true,"href":"https:\/\/zoozone.lv\/ru\/wp-json\/wp\/v2\/product_cat?post=24889"},{"taxonomy":"product_tag","embeddable":true,"href":"https:\/\/zoozone.lv\/ru\/wp-json\/wp\/v2\/product_tag?post=24889"}],"curies":[{"name":"wp","href":"https:\/\/api.w.org\/{rel}","templated":true}]}}