{"id":24014,"date":"2024-02-06T18:31:25","date_gmt":"2024-02-06T18:31:25","guid":{"rendered":"https:\/\/zoozone.lv\/?post_type=product&#038;p=24014"},"modified":"2024-02-06T18:31:26","modified_gmt":"2024-02-06T18:31:26","slug":"rotallieta-majdzivniekiem-velvet-plisa-barbara","status":"publish","type":"product","link":"https:\/\/zoozone.lv\/ru\/product\/rotallieta-majdzivniekiem-velvet-plisa-barbara\/","title":{"rendered":"Rota\u013clieta m\u0101jdz\u012bvniekiem &#8220;VELVET pl\u012b\u0161a Barbara&#8221;"},"content":{"rendered":"","protected":false},"excerpt":{"rendered":"","protected":false},"featured_media":24015,"comment_status":"open","ping_status":"closed","template":"","meta":{"nf_dc_page":""},"product_brand":[],"product_cat":[398,424],"product_tag":[],"class_list":{"0":"post-24014","1":"product","2":"type-product","3":"status-publish","4":"has-post-thumbnail","6":"product_cat-suni","7":"product_cat-sunu-rotallietas","9":"first","10":"instock","11":"taxable","12":"shipping-taxable","13":"purchasable","14":"product-type-simple"},"_links":{"self":[{"href":"https:\/\/zoozone.lv\/ru\/wp-json\/wp\/v2\/product\/24014","targetHints":{"allow":["GET"]}}],"collection":[{"href":"https:\/\/zoozone.lv\/ru\/wp-json\/wp\/v2\/product"}],"about":[{"href":"https:\/\/zoozone.lv\/ru\/wp-json\/wp\/v2\/types\/product"}],"replies":[{"embeddable":true,"href":"https:\/\/zoozone.lv\/ru\/wp-json\/wp\/v2\/comments?post=24014"}],"version-history":[{"count":1,"href":"https:\/\/zoozone.lv\/ru\/wp-json\/wp\/v2\/product\/24014\/revisions"}],"predecessor-version":[{"id":24018,"href":"https:\/\/zoozone.lv\/ru\/wp-json\/wp\/v2\/product\/24014\/revisions\/24018"}],"wp:featuredmedia":[{"embeddable":true,"href":"https:\/\/zoozone.lv\/ru\/wp-json\/wp\/v2\/media\/24015"}],"wp:attachment":[{"href":"https:\/\/zoozone.lv\/ru\/wp-json\/wp\/v2\/media?parent=24014"}],"wp:term":[{"taxonomy":"product_brand","embeddable":true,"href":"https:\/\/zoozone.lv\/ru\/wp-json\/wp\/v2\/product_brand?post=24014"},{"taxonomy":"product_cat","embeddable":true,"href":"https:\/\/zoozone.lv\/ru\/wp-json\/wp\/v2\/product_cat?post=24014"},{"taxonomy":"product_tag","embeddable":true,"href":"https:\/\/zoozone.lv\/ru\/wp-json\/wp\/v2\/product_tag?post=24014"}],"curies":[{"name":"wp","href":"https:\/\/api.w.org\/{rel}","templated":true}]}}