{"id":23896,"date":"2024-02-06T16:40:41","date_gmt":"2024-02-06T16:40:41","guid":{"rendered":"https:\/\/zoozone.lv\/?post_type=product&#038;p=23896"},"modified":"2024-02-06T16:40:41","modified_gmt":"2024-02-06T16:40:41","slug":"rotallieta-kakiem-dzutas-pele-dazadi-izmeri","status":"publish","type":"product","link":"https:\/\/zoozone.lv\/ru\/product\/rotallieta-kakiem-dzutas-pele-dazadi-izmeri\/","title":{"rendered":"Rota\u013clieta ka\u0137iem &#8220;D\u017eutas pele&#8221; ( da\u017e\u0101di izm\u0113ri )"},"content":{"rendered":"","protected":false},"excerpt":{"rendered":"","protected":false},"featured_media":23899,"comment_status":"open","ping_status":"closed","template":"","meta":{"nf_dc_page":""},"product_brand":[],"product_cat":[366,388],"product_tag":[],"class_list":{"0":"post-23896","1":"product","2":"type-product","3":"status-publish","4":"has-post-thumbnail","6":"product_cat-kaki","7":"product_cat-kaku-rotallietas","9":"first","10":"instock","11":"taxable","12":"shipping-taxable","13":"purchasable","14":"product-type-variable"},"_links":{"self":[{"href":"https:\/\/zoozone.lv\/ru\/wp-json\/wp\/v2\/product\/23896","targetHints":{"allow":["GET"]}}],"collection":[{"href":"https:\/\/zoozone.lv\/ru\/wp-json\/wp\/v2\/product"}],"about":[{"href":"https:\/\/zoozone.lv\/ru\/wp-json\/wp\/v2\/types\/product"}],"replies":[{"embeddable":true,"href":"https:\/\/zoozone.lv\/ru\/wp-json\/wp\/v2\/comments?post=23896"}],"version-history":[{"count":1,"href":"https:\/\/zoozone.lv\/ru\/wp-json\/wp\/v2\/product\/23896\/revisions"}],"predecessor-version":[{"id":23902,"href":"https:\/\/zoozone.lv\/ru\/wp-json\/wp\/v2\/product\/23896\/revisions\/23902"}],"wp:featuredmedia":[{"embeddable":true,"href":"https:\/\/zoozone.lv\/ru\/wp-json\/wp\/v2\/media\/23899"}],"wp:attachment":[{"href":"https:\/\/zoozone.lv\/ru\/wp-json\/wp\/v2\/media?parent=23896"}],"wp:term":[{"taxonomy":"product_brand","embeddable":true,"href":"https:\/\/zoozone.lv\/ru\/wp-json\/wp\/v2\/product_brand?post=23896"},{"taxonomy":"product_cat","embeddable":true,"href":"https:\/\/zoozone.lv\/ru\/wp-json\/wp\/v2\/product_cat?post=23896"},{"taxonomy":"product_tag","embeddable":true,"href":"https:\/\/zoozone.lv\/ru\/wp-json\/wp\/v2\/product_tag?post=23896"}],"curies":[{"name":"wp","href":"https:\/\/api.w.org\/{rel}","templated":true}]}}