{"id":23739,"date":"2024-02-06T15:09:00","date_gmt":"2024-02-06T15:09:00","guid":{"rendered":"https:\/\/zoozone.lv\/?post_type=product&#038;p=23739"},"modified":"2024-03-04T12:33:21","modified_gmt":"2024-03-04T12:33:21","slug":"plisa-rotallieta-kuceniem-puppy-tiny-ar-auklu-roza","status":"publish","type":"product","link":"https:\/\/zoozone.lv\/ru\/product\/plisa-rotallieta-kuceniem-puppy-tiny-ar-auklu-roza\/","title":{"rendered":"Pl\u012b\u0161a rota\u013clieta kuc\u0113niem &#8220;Puppy Tiny ar auklu roz\u0101&#8221;"},"content":{"rendered":"","protected":false},"excerpt":{"rendered":"","protected":false},"featured_media":23740,"comment_status":"open","ping_status":"closed","template":"","meta":{"nf_dc_page":""},"product_brand":[],"product_cat":[428,398,424],"product_tag":[],"class_list":{"0":"post-23739","1":"product","2":"type-product","3":"status-publish","4":"has-post-thumbnail","6":"product_cat-kucenu-produkti","7":"product_cat-suni","8":"product_cat-sunu-rotallietas","9":"pa_life_stage-kucens","11":"first","12":"instock","13":"taxable","14":"shipping-taxable","15":"purchasable","16":"product-type-simple"},"_links":{"self":[{"href":"https:\/\/zoozone.lv\/ru\/wp-json\/wp\/v2\/product\/23739","targetHints":{"allow":["GET"]}}],"collection":[{"href":"https:\/\/zoozone.lv\/ru\/wp-json\/wp\/v2\/product"}],"about":[{"href":"https:\/\/zoozone.lv\/ru\/wp-json\/wp\/v2\/types\/product"}],"replies":[{"embeddable":true,"href":"https:\/\/zoozone.lv\/ru\/wp-json\/wp\/v2\/comments?post=23739"}],"version-history":[{"count":1,"href":"https:\/\/zoozone.lv\/ru\/wp-json\/wp\/v2\/product\/23739\/revisions"}],"predecessor-version":[{"id":23746,"href":"https:\/\/zoozone.lv\/ru\/wp-json\/wp\/v2\/product\/23739\/revisions\/23746"}],"wp:featuredmedia":[{"embeddable":true,"href":"https:\/\/zoozone.lv\/ru\/wp-json\/wp\/v2\/media\/23740"}],"wp:attachment":[{"href":"https:\/\/zoozone.lv\/ru\/wp-json\/wp\/v2\/media?parent=23739"}],"wp:term":[{"taxonomy":"product_brand","embeddable":true,"href":"https:\/\/zoozone.lv\/ru\/wp-json\/wp\/v2\/product_brand?post=23739"},{"taxonomy":"product_cat","embeddable":true,"href":"https:\/\/zoozone.lv\/ru\/wp-json\/wp\/v2\/product_cat?post=23739"},{"taxonomy":"product_tag","embeddable":true,"href":"https:\/\/zoozone.lv\/ru\/wp-json\/wp\/v2\/product_tag?post=23739"}],"curies":[{"name":"wp","href":"https:\/\/api.w.org\/{rel}","templated":true}]}}