{"id":23323,"date":"2024-02-06T08:12:46","date_gmt":"2024-02-06T08:12:46","guid":{"rendered":"https:\/\/zoozone.lv\/?post_type=product&#038;p=23323"},"modified":"2024-02-06T08:13:06","modified_gmt":"2024-02-06T08:13:06","slug":"buris-grauzejiem-rody3-mini-dazadas-krasas","status":"publish","type":"product","link":"https:\/\/zoozone.lv\/ru\/product\/buris-grauzejiem-rody3-mini-dazadas-krasas\/","title":{"rendered":"B\u016bris grauz\u0113jiem Rody3 Mini ( da\u017e\u0101das kr\u0101sas )"},"content":{"rendered":"<p>\u0160is mazo dz\u012bvnieku b\u016bris ir no viena l\u012bme\u0146a un ir lieliski piem\u0113rots k\u0101 papildu dz\u012bves telpa vai k\u0101 ce\u013cojumu b\u016bris!<br \/>\nTas ir pieejams 4 kr\u0101s\u0101s.<\/p>\n<p>RODY3 izveidots t\u0101, lai m\u0101jdz\u012bvniekiem un to \u012bpa\u0161niekiem sniegtu \u012bstu dz\u012bves un rota\u013cu laukumu. Divas malas ir atv\u0113rtas, lai dotu iesp\u0113ju savienot vair\u0101kus b\u016brus kop\u0101 ar daudz\u0101m formu un kr\u0101su kombin\u0101cij\u0101m!<\/p>\n<p>180 mm x 330 mm x 210 mm<\/p>\n<p>&nbsp;<\/p>\n","protected":false},"excerpt":{"rendered":"<p>\u0160is mazo dz\u012bvnieku b\u016bris ir no viena l\u012bme\u0146a un ir lieliski piem\u0113rots k\u0101 papildu dz\u012bves telpa vai k\u0101 ce\u013cojumu b\u016bris!<\/p>\n","protected":false},"featured_media":23331,"comment_status":"open","ping_status":"closed","template":"","meta":{"nf_dc_page":""},"product_brand":[],"product_cat":[430,458],"product_tag":[],"class_list":{"0":"post-23323","1":"product","2":"type-product","3":"status-publish","4":"has-post-thumbnail","6":"product_cat-mazi-majdzivnieki","7":"product_cat-mazo-majdzivnieku-buri","9":"first","10":"instock","11":"taxable","12":"shipping-taxable","13":"purchasable","14":"product-type-variable"},"_links":{"self":[{"href":"https:\/\/zoozone.lv\/ru\/wp-json\/wp\/v2\/product\/23323","targetHints":{"allow":["GET"]}}],"collection":[{"href":"https:\/\/zoozone.lv\/ru\/wp-json\/wp\/v2\/product"}],"about":[{"href":"https:\/\/zoozone.lv\/ru\/wp-json\/wp\/v2\/types\/product"}],"replies":[{"embeddable":true,"href":"https:\/\/zoozone.lv\/ru\/wp-json\/wp\/v2\/comments?post=23323"}],"version-history":[{"count":1,"href":"https:\/\/zoozone.lv\/ru\/wp-json\/wp\/v2\/product\/23323\/revisions"}],"predecessor-version":[{"id":23340,"href":"https:\/\/zoozone.lv\/ru\/wp-json\/wp\/v2\/product\/23323\/revisions\/23340"}],"wp:featuredmedia":[{"embeddable":true,"href":"https:\/\/zoozone.lv\/ru\/wp-json\/wp\/v2\/media\/23331"}],"wp:attachment":[{"href":"https:\/\/zoozone.lv\/ru\/wp-json\/wp\/v2\/media?parent=23323"}],"wp:term":[{"taxonomy":"product_brand","embeddable":true,"href":"https:\/\/zoozone.lv\/ru\/wp-json\/wp\/v2\/product_brand?post=23323"},{"taxonomy":"product_cat","embeddable":true,"href":"https:\/\/zoozone.lv\/ru\/wp-json\/wp\/v2\/product_cat?post=23323"},{"taxonomy":"product_tag","embeddable":true,"href":"https:\/\/zoozone.lv\/ru\/wp-json\/wp\/v2\/product_tag?post=23323"}],"curies":[{"name":"wp","href":"https:\/\/api.w.org\/{rel}","templated":true}]}}