{"id":21370,"date":"2024-01-25T16:27:47","date_gmt":"2024-01-25T16:27:47","guid":{"rendered":"https:\/\/zoozone.lv\/product\/animonda-%d0%ba%d0%be%d0%bd%d1%81%d0%b5%d1%80%d0%b2%d1%8b-%d0%b4%d0%bb%d1%8f-%d1%81%d0%be%d0%b1%d0%b0%d0%ba-grancarno-%d0%b3%d0%be%d0%b2%d1%8f%d0%b4%d0%b8%d0%bd%d0%b0%d0%b4%d0%b8%d1%87%d1%8c-800\/"},"modified":"2024-04-11T18:19:26","modified_gmt":"2024-04-11T18:19:26","slug":"animonda-%d0%ba%d0%be%d0%bd%d1%81%d0%b5%d1%80%d0%b2%d1%8b-%d0%b4%d0%bb%d1%8f-%d1%81%d0%be%d0%b1%d0%b0%d0%ba-grancarno-%d0%b3%d0%be%d0%b2%d1%8f%d0%b4%d0%b8%d0%bd%d0%b0%d0%b4%d0%b8%d1%87%d1%8c-800","status":"publish","type":"product","link":"https:\/\/zoozone.lv\/ru\/product\/animonda-%d0%ba%d0%be%d0%bd%d1%81%d0%b5%d1%80%d0%b2%d1%8b-%d0%b4%d0%bb%d1%8f-%d1%81%d0%be%d0%b1%d0%b0%d0%ba-grancarno-%d0%b3%d0%be%d0%b2%d1%8f%d0%b4%d0%b8%d0%bd%d0%b0%d0%b4%d0%b8%d1%87%d1%8c-800\/","title":{"rendered":"ANIMONDA \u043a\u043e\u043d\u0441\u0435\u0440\u0432\u044b \u0434\u043b\u044f \u0441\u043e\u0431\u0430\u043a GranCarno \u0433\u043e\u0432\u044f\u0434\u0438\u043d\u0430+\u0434\u0438\u0447\u044c 800\u0433\u0440"},"content":{"rendered":"<p>GranCarno \u2013 \u044d\u0442\u043e \u0432\u044b\u0441\u043e\u043a\u043e\u043a\u0430\u0447\u0435\u0441\u0442\u0432\u0435\u043d\u043d\u044b\u0439, \u0437\u0434\u043e\u0440\u043e\u0432\u044b\u0439 \u0438 \u0441\u0431\u0430\u043b\u0430\u043d\u0441\u0438\u0440\u043e\u0432\u0430\u043d\u043d\u044b\u0439 \u0440\u0430\u0446\u0438\u043e\u043d \u0434\u043b\u044f \u0432\u0437\u0440\u043e\u0441\u043b\u044b\u0445 \u0441\u043e\u0431\u0430\u043a \u0432 \u0432\u043e\u0437\u0440\u0430\u0441\u0442\u0435 \u043e\u0442 1 \u0434\u043e 6 \u043b\u0435\u0442. \u041e\u0442\u0431\u043e\u0440\u043d\u044b\u0435 \u0441\u0432\u0435\u0436\u0438\u0435, \u043c\u044f\u0441\u0438\u0441\u0442\u044b\u0435 \u0438\u043d\u0433\u0440\u0435\u0434\u0438\u0435\u043d\u0442\u044b \u0433\u0430\u0440\u0430\u043d\u0442\u0438\u0440\u0443\u044e\u0442 \u0432\u043a\u0443\u0441, \u043a\u043e\u0442\u043e\u0440\u044b\u0439 \u0442\u0430\u043a \u0446\u0435\u043d\u044f\u0442 \u0441\u043e\u0431\u0430\u043a\u0438. GranCarno \u043e\u0431\u0435\u0441\u043f\u0435\u0447\u0438\u0432\u0430\u0435\u0442 \u0432\u0441\u0435 \u043d\u0435\u043e\u0431\u0445\u043e\u0434\u0438\u043c\u044b\u0435 \u043f\u0438\u0442\u0430\u0442\u0435\u043b\u044c\u043d\u044b\u0435 \u0432\u0435\u0449\u0435\u0441\u0442\u0432\u0430, \u043d\u0435\u043e\u0431\u0445\u043e\u0434\u0438\u043c\u044b\u0435 \u0432\u0437\u0440\u043e\u0441\u043b\u043e\u0439 \u0441\u043e\u0431\u0430\u043a\u0435.<\/p>\n<ul>\n<li>100% \u0441\u0432\u0435\u0436\u0438\u0435 \u043c\u044f\u0441\u043d\u044b\u0435 \u0438\u043d\u0433\u0440\u0435\u0434\u0438\u0435\u043d\u0442\u044b<\/li>\n<li>\u043c\u044f\u0441\u0438\u0441\u0442\u044b\u0435 \u043a\u0443\u0441\u043e\u0447\u043a\u0438<\/li>\n<li>\u0431\u0435\u0437 \u0437\u0435\u0440\u043d\u0430, \u0431\u0435\u0437 \u0441\u043e\u0438<\/li>\n<li>\u0431\u0435\u0437 \u0438\u0441\u043a\u0443\u0441\u0441\u0442\u0432\u0435\u043d\u043d\u044b\u0445 \u043a\u0440\u0430\u0441\u0438\u0442\u0435\u043b\u0435\u0439 \u0438 \u043a\u043e\u043d\u0441\u0435\u0440\u0432\u0430\u043d\u0442\u043e\u0432<\/li>\n<li>\u0441\u0434\u0435\u043b\u0430\u043d\u043e \u0432 \u0413\u0435\u0440\u043c\u0430\u043d\u0438\u0438<\/li>\n<\/ul>\n<div class=\"oSioSc\">\n<div id=\"tw-target\">\n<div id=\"kAz1tf\" class=\"g9WsWb\">\n<div id=\"tw-target-text-container\" class=\"tw-ta-container hide-focus-ring tw-nfl\" tabindex=\"0\">\n<pre id=\"tw-target-text\" class=\"tw-data-text tw-text-large tw-ta\" dir=\"ltr\" data-placeholder=\"Tulkojums\"><span lang=\"lv\" style=\"font-family: georgia, palatino, serif;\">50% liellopu ga\u013cas (plau\u0161as, aknas, ga\u013ca, sirdis, nieres, tesme\u0146i), 18% med\u012bjuma ga\u013cas, kalcija karbon\u0101ts.\n\n<\/span><\/pre>\n<\/div>\n<\/div>\n<\/div>\n<\/div>\n","protected":false},"excerpt":{"rendered":"<p>GranCarno \u2013 \u044d\u0442\u043e \u0432\u044b\u0441\u043e\u043a\u043e\u043a\u0430\u0447\u0435\u0441\u0442\u0432\u0435\u043d\u043d\u044b\u0439, \u0437\u0434\u043e\u0440\u043e\u0432\u044b\u0439 \u0438 \u0441\u0431\u0430\u043b\u0430\u043d\u0441\u0438\u0440\u043e\u0432\u0430\u043d\u043d\u044b\u0439 \u0440\u0430\u0446\u0438\u043e\u043d \u0434\u043b\u044f \u0432\u0437\u0440\u043e\u0441\u043b\u044b\u0445 \u0441\u043e\u0431\u0430\u043a \u0432 \u0432\u043e\u0437\u0440\u0430\u0441\u0442\u0435 \u043e\u0442 1 \u0434\u043e 6 \u043b\u0435\u0442. \u041e\u0442\u0431\u043e\u0440\u043d\u044b\u0435 \u0441\u0432\u0435\u0436\u0438\u0435,<\/p>\n","protected":false},"featured_media":21130,"comment_status":"open","ping_status":"closed","template":"","meta":{"nf_dc_page":""},"product_brand":[],"product_cat":[425,397],"product_tag":[],"class_list":{"0":"post-21370","1":"product","2":"type-product","3":"status-publish","4":"has-post-thumbnail","6":"product_cat-425","7":"product_cat-397","9":"first","10":"outofstock","11":"taxable","12":"shipping-taxable","13":"purchasable","14":"product-type-simple"},"_links":{"self":[{"href":"https:\/\/zoozone.lv\/ru\/wp-json\/wp\/v2\/product\/21370","targetHints":{"allow":["GET"]}}],"collection":[{"href":"https:\/\/zoozone.lv\/ru\/wp-json\/wp\/v2\/product"}],"about":[{"href":"https:\/\/zoozone.lv\/ru\/wp-json\/wp\/v2\/types\/product"}],"replies":[{"embeddable":true,"href":"https:\/\/zoozone.lv\/ru\/wp-json\/wp\/v2\/comments?post=21370"}],"version-history":[{"count":1,"href":"https:\/\/zoozone.lv\/ru\/wp-json\/wp\/v2\/product\/21370\/revisions"}],"predecessor-version":[{"id":31700,"href":"https:\/\/zoozone.lv\/ru\/wp-json\/wp\/v2\/product\/21370\/revisions\/31700"}],"wp:featuredmedia":[{"embeddable":true,"href":"https:\/\/zoozone.lv\/ru\/wp-json\/wp\/v2\/media\/21130"}],"wp:attachment":[{"href":"https:\/\/zoozone.lv\/ru\/wp-json\/wp\/v2\/media?parent=21370"}],"wp:term":[{"taxonomy":"product_brand","embeddable":true,"href":"https:\/\/zoozone.lv\/ru\/wp-json\/wp\/v2\/product_brand?post=21370"},{"taxonomy":"product_cat","embeddable":true,"href":"https:\/\/zoozone.lv\/ru\/wp-json\/wp\/v2\/product_cat?post=21370"},{"taxonomy":"product_tag","embeddable":true,"href":"https:\/\/zoozone.lv\/ru\/wp-json\/wp\/v2\/product_tag?post=21370"}],"curies":[{"name":"wp","href":"https:\/\/api.w.org\/{rel}","templated":true}]}}