{"id":20149,"date":"2024-01-20T15:00:05","date_gmt":"2024-01-20T15:00:05","guid":{"rendered":"https:\/\/zoozone.lv\/?post_type=product&#038;p=20149"},"modified":"2024-01-20T15:08:29","modified_gmt":"2024-01-20T15:08:29","slug":"aqua-el-akvarijs-glossy-%d1%80%d0%b0%d0%b7%d0%bd%d1%8b%d0%b5-%d1%80%d0%b0%d0%b7%d0%bc%d0%b5%d1%80%d1%8b-copy","status":"publish","type":"product","link":"https:\/\/zoozone.lv\/ru\/product\/aqua-el-akvarijs-glossy-%d1%80%d0%b0%d0%b7%d0%bd%d1%8b%d0%b5-%d1%80%d0%b0%d0%b7%d0%bc%d0%b5%d1%80%d1%8b-copy\/","title":{"rendered":"Aqua El Akv\u0101rijs Glossy ST D&#038;N (\u0440\u0430\u0437\u043d\u044b\u0435 \u0440\u0430\u0437\u043c\u0435\u0440\u044b)"},"content":{"rendered":"<p>\u0414\u043e\u0441\u0442\u0443\u043f\u0435\u043d \u0432 \u0431\u0435\u043b\u043e\u043c \u0446\u0432\u0435\u0442\u0435.<\/p>\n<p>\u0410\u043a\u0432\u0430\u0440\u0438\u0443\u043c \u0438\u043c\u0435\u0435\u0442 \u0432\u0441\u0442\u0440\u043e\u0435\u043d\u043d\u0443\u044e \u043a\u0440\u044b\u0448\u043a\u0443 \u0441 \u043e\u0441\u0432\u0435\u0449\u0435\u043d\u0438\u0435\u043c Aquael Leddy Tube Sunny Day&amp;Night.<\/p>\n<p>\u0410\u043a\u0432\u0430\u0440\u0438\u0443\u043c\u043d\u044b\u0435 \u043d\u0430\u0431\u043e\u0440\u044b GLOSSY \u0438\u043c\u0435\u044e\u0442 \u0440\u0435\u0437\u0435\u0440\u0432\u0443\u0430\u0440 \u0443\u043d\u0438\u043a\u0430\u043b\u044c\u043d\u043e\u0439 \u0444\u043e\u0440\u043c\u044b \u0441 \u043f\u0440\u0438\u043f\u043e\u0434\u043d\u044f\u0442\u044b\u043c\u0438 \u0441\u0442\u0435\u043d\u043a\u0430\u043c\u0438. \u0415\u0441\u0442\u044c \u043a\u0440\u044b\u0448\u043a\u0430 \u0441\u043e \u0432\u0441\u0442\u0440\u043e\u0435\u043d\u043d\u043e\u0439 \u043f\u043e\u0434\u0441\u0432\u0435\u0442\u043a\u043e\u0439.<br \/>\n\u043f\u0440\u0438\u043a\u043b\u0435\u0435\u043d\u044b \u0432\u043d\u0443\u0442\u0440\u0438 \u0432\u0435\u0440\u0445\u043d\u0435\u0439 \u0447\u0430\u0441\u0442\u0438 \u0431\u0430\u043a\u0430. \u0411\u043b\u0430\u0433\u043e\u0434\u0430\u0440\u044f \u044d\u0442\u043e\u043c\u0443 \u0438\u043d\u043d\u043e\u0432\u0430\u0446\u0438\u043e\u043d\u043d\u043e\u043c\u0443 \u0440\u0435\u0448\u0435\u043d\u0438\u044e \u0430\u043a\u0432\u0430\u0440\u0438\u0443\u043c \u0432\u044b\u0433\u043b\u044f\u0434\u0438\u0442 \u043a\u0430\u043a \u043a\u0443\u0441\u043e\u043a \u0441\u0442\u0435\u043a\u043b\u0430 \u0441\u043e \u0441\u0442\u0438\u043b\u044c\u043d\u043e\u0439 \u043b\u0435\u043d\u0442\u043e\u0439 \u0432\u0432\u0435\u0440\u0445\u0443. T\u0101 k\u0101 GLOSSY akv\u0101rijs ir \u013coti ori\u0123in\u0101ls dekors, tas b\u016bs piem\u0113rots jebkuram modernam interjeram.<br \/>\n\u041a\u0440\u044b\u0448\u043a\u0438, \u0432\u0445\u043e\u0434\u044f\u0449\u0438\u0435 \u0432 \u043a\u043e\u043c\u043f\u043b\u0435\u043a\u0442\u044b GLOSSY, \u043e\u0441\u043d\u0430\u0449\u0435\u043d\u044b \u0432\u0441\u0442\u0440\u043e\u0435\u043d\u043d\u044b\u043c\u0438 \u0441\u0432\u0435\u0442\u043e\u0434\u0438\u043e\u0434\u043d\u044b\u043c\u0438 \u0441\u0432\u0435\u0442\u0438\u043b\u044c\u043d\u0438\u043a\u0430\u043c\u0438. \u041f\u0435\u0440\u0435\u0434\u043e\u0432\u0430\u044f \u0442\u0435\u0445\u043d\u043e\u043b\u043e\u0433\u0438\u044f \u043e\u0441\u0432\u0435\u0449\u0435\u043d\u0438\u044f \u043e\u0431\u0435\u0441\u043f\u0435\u0447\u0438\u0432\u0430\u0435\u0442 \u043f\u0440\u0430\u0432\u0438\u043b\u044c\u043d\u044b\u0439 \u0440\u043e\u0441\u0442 \u0438 \u043f\u0440\u0430\u0432\u0438\u043b\u044c\u043d\u0443\u044e \u0446\u0432\u0435\u0442\u043e\u043f\u0435\u0440\u0435\u0434\u0430\u0447\u0443. \u041a\u043e\u043c\u043f\u043b\u0435\u043a\u0442\u044b GLOSSY CUBE, GLOSSY 80 \u0438 GLOSSY 100 \u0438\u043c\u0435\u044e\u0442 \u0434\u0432\u0430 \u044d\u043d\u0435\u0440\u0433\u043e\u0441\u0431\u0435\u0440\u0435\u0433\u0430\u044e\u0449\u0438\u0445 \u043c\u043e\u0434\u0443\u043b\u044f \u043e\u0441\u0432\u0435\u0449\u0435\u043d\u0438\u044f. \u041f\u0440\u0438 \u043d\u0435\u043e\u0431\u0445\u043e\u0434\u0438\u043c\u043e\u0441\u0442\u0438 \u043c\u043e\u0436\u043d\u043e \u0443\u0441\u0442\u0430\u043d\u043e\u0432\u0438\u0442\u044c \u0434\u0432\u0430 \u0434\u043e\u043f\u043e\u043b\u043d\u0438\u0442\u0435\u043b\u044c\u043d\u044b\u0445 \u043c\u043e\u0434\u0443\u043b\u044f. \u041a\u043e\u043c\u043f\u043b\u0435\u043a\u0442\u044b GLOSSY 120 \u0438 GLOSSY 150 \u0438\u043c\u0435\u044e\u0442 \u0442\u0440\u0438 \u044d\u043d\u0435\u0440\u0433\u043e\u0441\u0431\u0435\u0440\u0435\u0433\u0430\u044e\u0449\u0438\u0445 \u0441\u0432\u0435\u0442\u043e\u0432\u044b\u0445 \u043c\u043e\u0434\u0443\u043b\u044f. \u0418\u0441\u043f\u043e\u043b\u044c\u0437\u043e\u0432\u0430\u043d\u0438\u0435 \u044d\u0442\u0438\u0445 \u043c\u043e\u0434\u0443\u043b\u0435\u0439 \u0441\u043d\u0438\u0436\u0430\u0435\u0442 \u0437\u0430\u0442\u0440\u0430\u0442\u044b \u043d\u0430 \u043e\u0441\u0432\u0435\u0449\u0435\u043d\u0438\u0435 \u0434\u043e 50% \u0438 \u0438\u0441\u043a\u043b\u044e\u0447\u0430\u0435\u0442 \u043d\u0435\u043e\u0431\u0445\u043e\u0434\u0438\u043c\u043e\u0441\u0442\u044c \u0447\u0430\u0441\u0442\u043e\u0439 \u0437\u0430\u043c\u0435\u043d\u044b \u043b\u0430\u043c\u043f. \u041d\u0430 \u0437\u0430\u0434\u043d\u0435\u0439 \u0441\u0442\u043e\u0440\u043e\u043d\u0435 \u043a\u0440\u044b\u0448\u043a\u0438 \u0438\u043c\u0435\u044e\u0442\u0441\u044f \u0441\u043f\u0435\u0446\u0438\u0430\u043b\u044c\u043d\u044b\u0435 \u043a\u0440\u0435\u043f\u0435\u0436\u043d\u044b\u0435 \u043e\u0442\u0432\u0435\u0440\u0441\u0442\u0438\u044f \u0434\u043b\u044f \u0443\u0434\u043e\u0431\u043d\u043e\u0439 \u0443\u0441\u0442\u0430\u043d\u043e\u0432\u043a\u0438 \u0431\u0430\u043a\u043e\u0432\u044b\u0445 \u0444\u0438\u043b\u044c\u0442\u0440\u043e\u0432 \u0438 \u0434\u0440\u0443\u0433\u0438\u0445 \u0443\u0441\u0442\u0440\u043e\u0439\u0441\u0442\u0432.<br \/>\n\u041d\u0430\u0431\u043e\u0440\u044b GLOSSY \u0438\u0434\u0435\u0430\u043b\u044c\u043d\u043e \u043f\u043e\u0434\u0445\u043e\u0434\u044f\u0442 \u0434\u043b\u044f \u0440\u0430\u0441\u0442\u0438\u0442\u0435\u043b\u044c\u043d\u044b\u0445 \u0438 \u0435\u0441\u0442\u0435\u0441\u0442\u0432\u0435\u043d\u043d\u044b\u0445 \u0430\u043a\u0432\u0430\u0440\u0438\u0443\u043c\u043e\u0432, \u0430 \u0442\u0430\u043a\u0436\u0435 \u0434\u043b\u044f \u043e\u0431\u044b\u0447\u043d\u044b\u0445 \u0441\u043c\u0435\u0448\u0430\u043d\u043d\u044b\u0445 \u0430\u043a\u0432\u0430\u0440\u0438\u0443\u043c\u043e\u0432. \u041e\u043d\u0438 \u0434\u043e\u0441\u0442\u0443\u043f\u043d\u044b \u0432 \u043f\u044f\u0442\u0438 \u0440\u0430\u0437\u043c\u0435\u0440\u0430\u0445 \u0434\u043b\u0438\u043d\u043e\u0439 \u043e\u0442 50 \u0434\u043e 150 \u0441\u043c (\u043e\u0431\u044a\u0435\u043c\u043e\u043c \u043e\u0442 125 \u0434\u043e 405 \u043b). \u0422\u0430\u043a\u0436\u0435 \u043c\u043e\u0436\u043d\u043e \u043f\u0440\u0438\u043e\u0431\u0440\u0435\u0441\u0442\u0438 \u0441\u043f\u0435\u0446\u0438\u0430\u043b\u044c\u043d\u043e \u0440\u0430\u0437\u0440\u0430\u0431\u043e\u0442\u0430\u043d\u043d\u0443\u044e \u043f\u043e\u0434\u0441\u0442\u0430\u0432\u043a\u0443 \u0434\u043b\u044f \u0430\u043a\u0432\u0430\u0440\u0438\u0443\u043c\u0430 GLOSSY. \u0410\u043a\u0432\u0430\u0440\u0438\u0443\u043c \u0432\u043c\u0435\u0441\u0442\u0435 \u0441 \u043f\u043e\u0434\u0441\u0442\u0430\u0432\u043a\u043e\u0439 \u043e\u0431\u0440\u0430\u0437\u0443\u044e\u0442 \u043a\u043e\u043c\u043f\u0430\u043a\u0442\u043d\u044b\u0439 \u0438 \u0441\u0442\u0438\u043b\u044c\u043d\u044b\u0439 \u043a\u043e\u0440\u043f\u0443\u0441.<\/p>\n","protected":false},"excerpt":{"rendered":"<p>\u042d\u043b\u0435\u0433\u0430\u043d\u0442\u043d\u044b\u0439 \u043a\u043e\u043c\u043f\u043b\u0435\u043a\u0442 \u043f\u0440\u0435\u043c\u0438\u0443\u043c-\u043a\u043b\u0430\u0441\u0441\u0430, \u043e\u0441\u043d\u0430\u0449\u0435\u043d\u043d\u044b\u0439 \u0441\u043e\u0432\u0440\u0435\u043c\u0435\u043d\u043d\u044b\u043c \u044d\u043d\u0435\u0440\u0433\u043e\u0441\u0431\u0435\u0440\u0435\u0433\u0430\u044e\u0449\u0438\u043c \u0441\u0432\u0435\u0442\u043e\u0434\u0438\u043e\u0434\u043d\u044b\u043c \u043e\u0441\u0432\u0435\u0449\u0435\u043d\u0438\u0435\u043c. \u0418\u0434\u0435\u0430\u043b\u044c\u043d\u043e\u0435 \u043f\u0440\u0435\u0434\u043b\u043e\u0436\u0435\u043d\u0438\u0435 \u0434\u043b\u044f \u043b\u044e\u0431\u0438\u0442\u0435\u043b\u0435\u0439 \u0430\u043a\u0432\u0430\u0440\u0438\u0443\u043c\u043e\u0432, \u043a\u043e\u0442\u043e\u0440\u044b\u0435 \u0446\u0435\u043d\u044f\u0442 \u0441\u043e\u0432\u0440\u0435\u043c\u0435\u043d\u043d\u044b\u0439 \u0441\u0442\u0438\u043b\u044c \u0438 \u0444\u0443\u043d\u043a\u0446\u0438\u043e\u043d\u0430\u043b\u044c\u043d\u043e\u0441\u0442\u044c.<\/p>\n","protected":false},"featured_media":20160,"comment_status":"open","ping_status":"closed","template":"","meta":{"nf_dc_page":""},"product_brand":[],"product_cat":[329,323],"product_tag":[],"class_list":{"0":"post-20149","1":"product","2":"type-product","3":"status-publish","4":"has-post-thumbnail","6":"product_cat-329","7":"product_cat-323","9":"first","10":"instock","11":"taxable","12":"shipping-taxable","13":"purchasable","14":"product-type-variable"},"_links":{"self":[{"href":"https:\/\/zoozone.lv\/ru\/wp-json\/wp\/v2\/product\/20149","targetHints":{"allow":["GET"]}}],"collection":[{"href":"https:\/\/zoozone.lv\/ru\/wp-json\/wp\/v2\/product"}],"about":[{"href":"https:\/\/zoozone.lv\/ru\/wp-json\/wp\/v2\/types\/product"}],"replies":[{"embeddable":true,"href":"https:\/\/zoozone.lv\/ru\/wp-json\/wp\/v2\/comments?post=20149"}],"version-history":[{"count":1,"href":"https:\/\/zoozone.lv\/ru\/wp-json\/wp\/v2\/product\/20149\/revisions"}],"predecessor-version":[{"id":20178,"href":"https:\/\/zoozone.lv\/ru\/wp-json\/wp\/v2\/product\/20149\/revisions\/20178"}],"wp:featuredmedia":[{"embeddable":true,"href":"https:\/\/zoozone.lv\/ru\/wp-json\/wp\/v2\/media\/20160"}],"wp:attachment":[{"href":"https:\/\/zoozone.lv\/ru\/wp-json\/wp\/v2\/media?parent=20149"}],"wp:term":[{"taxonomy":"product_brand","embeddable":true,"href":"https:\/\/zoozone.lv\/ru\/wp-json\/wp\/v2\/product_brand?post=20149"},{"taxonomy":"product_cat","embeddable":true,"href":"https:\/\/zoozone.lv\/ru\/wp-json\/wp\/v2\/product_cat?post=20149"},{"taxonomy":"product_tag","embeddable":true,"href":"https:\/\/zoozone.lv\/ru\/wp-json\/wp\/v2\/product_tag?post=20149"}],"curies":[{"name":"wp","href":"https:\/\/api.w.org\/{rel}","templated":true}]}}