{"id":19625,"date":"2024-01-15T16:32:21","date_gmt":"2024-01-15T16:32:21","guid":{"rendered":"https:\/\/zoozone.lv\/?post_type=product&#038;p=19625"},"modified":"2024-01-15T16:41:20","modified_gmt":"2024-01-15T16:41:20","slug":"smiltis-ever-clean-spring-garden","status":"publish","type":"product","link":"https:\/\/zoozone.lv\/ru\/product\/smiltis-ever-clean-spring-garden\/","title":{"rendered":"Smiltis Ever Clean Spring Garden"},"content":{"rendered":"<p><b>Dabisk\u0101s vides iedvesmotie ka\u0137u pakai\u0161i Ever Clean ar pavasara d\u0101rza arom\u0101tu, p\u0113c vajadz\u012bbas izdala svaigu arom\u0101tu.<\/b><\/p>\n<p>Pat\u012bkama pavasara d\u0101rza smar\u017ea, kas, m\u016bsupr\u0101t, patiks gan tev, gan tavam ka\u0137im \u2013 tas ir k\u0101 pavad\u012bt pavasara r\u012btu pu\u0137u d\u0101rz\u0101!<\/p>\n<p>Izgatavots no izcili salipino\u0161iem m\u0101liem, kas samazina drupin\u0101\u0161anu, k\u0101 rezult\u0101t\u0101 veidojas bl\u012bvi un viegli no\u0146emami gabali\u0146i ar zemu putek\u013cu daudzumu.<\/p>\n<p>Unik\u0101l\u0101 akt\u012bv\u0101s ogles tehnolo\u0123ija notver un blo\u0137\u0113 smakas, t\u0101d\u0113j\u0101di nov\u0113r\u0161ot nepat\u012bkamo smaku, nevis tikai to mask\u0113jot.<\/p>\n<p>&nbsp;<\/p>\n","protected":false},"excerpt":{"rendered":"<p>Dabisk\u0101s vides iedvesmotie ka\u0137u pakai\u0161i Ever Clean ar pavasara d\u0101rza arom\u0101tu, p\u0113c vajadz\u012bbas izdala svaigu arom\u0101tu. Pat\u012bkama pavasara d\u0101rza smar\u017ea,<\/p>\n","protected":false},"featured_media":19634,"comment_status":"open","ping_status":"closed","template":"","meta":{"nf_dc_page":""},"product_brand":[],"product_cat":[366,382],"product_tag":[],"class_list":{"0":"post-19625","1":"product","2":"type-product","3":"status-publish","4":"has-post-thumbnail","6":"product_cat-kaki","7":"product_cat-kaku-pakaisi","9":"first","10":"instock","11":"taxable","12":"shipping-taxable","13":"purchasable","14":"product-type-variable"},"_links":{"self":[{"href":"https:\/\/zoozone.lv\/ru\/wp-json\/wp\/v2\/product\/19625","targetHints":{"allow":["GET"]}}],"collection":[{"href":"https:\/\/zoozone.lv\/ru\/wp-json\/wp\/v2\/product"}],"about":[{"href":"https:\/\/zoozone.lv\/ru\/wp-json\/wp\/v2\/types\/product"}],"replies":[{"embeddable":true,"href":"https:\/\/zoozone.lv\/ru\/wp-json\/wp\/v2\/comments?post=19625"}],"version-history":[{"count":1,"href":"https:\/\/zoozone.lv\/ru\/wp-json\/wp\/v2\/product\/19625\/revisions"}],"predecessor-version":[{"id":19637,"href":"https:\/\/zoozone.lv\/ru\/wp-json\/wp\/v2\/product\/19625\/revisions\/19637"}],"wp:featuredmedia":[{"embeddable":true,"href":"https:\/\/zoozone.lv\/ru\/wp-json\/wp\/v2\/media\/19634"}],"wp:attachment":[{"href":"https:\/\/zoozone.lv\/ru\/wp-json\/wp\/v2\/media?parent=19625"}],"wp:term":[{"taxonomy":"product_brand","embeddable":true,"href":"https:\/\/zoozone.lv\/ru\/wp-json\/wp\/v2\/product_brand?post=19625"},{"taxonomy":"product_cat","embeddable":true,"href":"https:\/\/zoozone.lv\/ru\/wp-json\/wp\/v2\/product_cat?post=19625"},{"taxonomy":"product_tag","embeddable":true,"href":"https:\/\/zoozone.lv\/ru\/wp-json\/wp\/v2\/product_tag?post=19625"}],"curies":[{"name":"wp","href":"https:\/\/api.w.org\/{rel}","templated":true}]}}