{"id":19347,"date":"2024-01-12T17:12:13","date_gmt":"2024-01-12T17:12:13","guid":{"rendered":"https:\/\/zoozone.lv\/?post_type=product&#038;p=19347"},"modified":"2024-01-12T17:12:13","modified_gmt":"2024-01-12T17:12:13","slug":"prince-gardums-suniem-blue-fin-tuna-skin-coat-0-1","status":"publish","type":"product","link":"https:\/\/zoozone.lv\/ru\/product\/prince-gardums-suniem-blue-fin-tuna-skin-coat-0-1\/","title":{"rendered":"Prince gardums su\u0146iem Blue fin tuna skin&#038; coat 0.1"},"content":{"rendered":"<p>Sast\u0101vs dehidr\u0113ta tunzivs (30%), kartupe\u013cu milti, spelta, tun\u010da e\u013c\u013ca, cukurbie\u0161u m\u012bkstums, glicer\u012bns, zir\u0146u prote\u012bns, rauga produkts (0,6%), cigori\u0146i, burk\u0101ni, lucernas milti, n\u0101tre, pienenes sakne, me\u017eroz\u012btes, vilk\u0101beles lapas, ehin\u0101cijas sakne , piena dad\u017eu ekstrakts, mellenes, \u0101boli, fenhelis, kumel\u012btes, inul\u012bns.<\/p>\n","protected":false},"excerpt":{"rendered":"<p>Sast\u0101vs dehidr\u0113ta tunzivs (30%), kartupe\u013cu milti, spelta, tun\u010da e\u013c\u013ca, cukurbie\u0161u m\u012bkstums, glicer\u012bns, zir\u0146u prote\u012bns, rauga produkts (0,6%), cigori\u0146i, burk\u0101ni, lucernas<\/p>\n","protected":false},"featured_media":19348,"comment_status":"open","ping_status":"closed","template":"","meta":{"nf_dc_page":""},"product_brand":[],"product_cat":[398,416],"product_tag":[],"class_list":{"0":"post-19347","1":"product","2":"type-product","3":"status-publish","4":"has-post-thumbnail","6":"product_cat-suni","7":"product_cat-sunu-uzkodas","9":"first","10":"instock","11":"taxable","12":"shipping-taxable","13":"purchasable","14":"product-type-simple"},"_links":{"self":[{"href":"https:\/\/zoozone.lv\/ru\/wp-json\/wp\/v2\/product\/19347","targetHints":{"allow":["GET"]}}],"collection":[{"href":"https:\/\/zoozone.lv\/ru\/wp-json\/wp\/v2\/product"}],"about":[{"href":"https:\/\/zoozone.lv\/ru\/wp-json\/wp\/v2\/types\/product"}],"replies":[{"embeddable":true,"href":"https:\/\/zoozone.lv\/ru\/wp-json\/wp\/v2\/comments?post=19347"}],"version-history":[{"count":1,"href":"https:\/\/zoozone.lv\/ru\/wp-json\/wp\/v2\/product\/19347\/revisions"}],"predecessor-version":[{"id":19351,"href":"https:\/\/zoozone.lv\/ru\/wp-json\/wp\/v2\/product\/19347\/revisions\/19351"}],"wp:featuredmedia":[{"embeddable":true,"href":"https:\/\/zoozone.lv\/ru\/wp-json\/wp\/v2\/media\/19348"}],"wp:attachment":[{"href":"https:\/\/zoozone.lv\/ru\/wp-json\/wp\/v2\/media?parent=19347"}],"wp:term":[{"taxonomy":"product_brand","embeddable":true,"href":"https:\/\/zoozone.lv\/ru\/wp-json\/wp\/v2\/product_brand?post=19347"},{"taxonomy":"product_cat","embeddable":true,"href":"https:\/\/zoozone.lv\/ru\/wp-json\/wp\/v2\/product_cat?post=19347"},{"taxonomy":"product_tag","embeddable":true,"href":"https:\/\/zoozone.lv\/ru\/wp-json\/wp\/v2\/product_tag?post=19347"}],"curies":[{"name":"wp","href":"https:\/\/api.w.org\/{rel}","templated":true}]}}