{"id":29661,"date":"2024-02-27T14:05:21","date_gmt":"2024-02-27T14:05:21","guid":{"rendered":"https:\/\/zoozone.lv\/product\/tetra-goldfish-food-100-ml\/"},"modified":"2024-04-10T16:32:03","modified_gmt":"2024-04-10T16:32:03","slug":"tetra-goldfish-food-100-ml","status":"publish","type":"product","link":"https:\/\/zoozone.lv\/en\/product\/tetra-goldfish-food-100-ml\/","title":{"rendered":"Tetra Goldfish Food 100 ml"},"content":{"rendered":"<p>Bar\u012bba zelta zivti\u0146\u0101m<\/p>\n","protected":false},"excerpt":{"rendered":"<p>Bar\u012bba zelta zivti\u0146\u0101m<\/p>\n","protected":false},"featured_media":29217,"comment_status":"open","ping_status":"closed","template":"","meta":{"nf_dc_page":""},"product_brand":[],"product_cat":[20,78],"product_tag":[],"class_list":{"0":"post-29661","1":"product","2":"type-product","3":"status-publish","4":"has-post-thumbnail","6":"product_cat-aquatic","7":"product_cat-fish_food","9":"first","10":"instock","11":"taxable","12":"shipping-taxable","13":"purchasable","14":"product-type-simple"},"_links":{"self":[{"href":"https:\/\/zoozone.lv\/en\/wp-json\/wp\/v2\/product\/29661","targetHints":{"allow":["GET"]}}],"collection":[{"href":"https:\/\/zoozone.lv\/en\/wp-json\/wp\/v2\/product"}],"about":[{"href":"https:\/\/zoozone.lv\/en\/wp-json\/wp\/v2\/types\/product"}],"replies":[{"embeddable":true,"href":"https:\/\/zoozone.lv\/en\/wp-json\/wp\/v2\/comments?post=29661"}],"version-history":[{"count":2,"href":"https:\/\/zoozone.lv\/en\/wp-json\/wp\/v2\/product\/29661\/revisions"}],"predecessor-version":[{"id":31078,"href":"https:\/\/zoozone.lv\/en\/wp-json\/wp\/v2\/product\/29661\/revisions\/31078"}],"wp:featuredmedia":[{"embeddable":true,"href":"https:\/\/zoozone.lv\/en\/wp-json\/wp\/v2\/media\/29217"}],"wp:attachment":[{"href":"https:\/\/zoozone.lv\/en\/wp-json\/wp\/v2\/media?parent=29661"}],"wp:term":[{"taxonomy":"product_brand","embeddable":true,"href":"https:\/\/zoozone.lv\/en\/wp-json\/wp\/v2\/product_brand?post=29661"},{"taxonomy":"product_cat","embeddable":true,"href":"https:\/\/zoozone.lv\/en\/wp-json\/wp\/v2\/product_cat?post=29661"},{"taxonomy":"product_tag","embeddable":true,"href":"https:\/\/zoozone.lv\/en\/wp-json\/wp\/v2\/product_tag?post=29661"}],"curies":[{"name":"wp","href":"https:\/\/api.w.org\/{rel}","templated":true}]}}