{"id":29657,"date":"2024-02-27T14:07:03","date_gmt":"2024-02-27T14:07:03","guid":{"rendered":"https:\/\/zoozone.lv\/product\/tetra-goldfish-food-12g\/"},"modified":"2024-04-10T16:30:58","modified_gmt":"2024-04-10T16:30:58","slug":"tetra-goldfish-food-12g","status":"publish","type":"product","link":"https:\/\/zoozone.lv\/en\/product\/tetra-goldfish-food-12g\/","title":{"rendered":"Tetra Goldfish Food 12g"},"content":{"rendered":"<p>Bar\u012bba zelta zivti\u0146\u0101m<\/p>\n","protected":false},"excerpt":{"rendered":"<p>Bar\u012bba zelta zivti\u0146\u0101m<\/p>\n","protected":false},"featured_media":29222,"comment_status":"open","ping_status":"closed","template":"","meta":{"nf_dc_page":""},"product_brand":[],"product_cat":[20,78],"product_tag":[],"class_list":{"0":"post-29657","1":"product","2":"type-product","3":"status-publish","4":"has-post-thumbnail","6":"product_cat-aquatic","7":"product_cat-fish_food","9":"first","10":"instock","11":"taxable","12":"shipping-taxable","13":"purchasable","14":"product-type-simple"},"_links":{"self":[{"href":"https:\/\/zoozone.lv\/en\/wp-json\/wp\/v2\/product\/29657","targetHints":{"allow":["GET"]}}],"collection":[{"href":"https:\/\/zoozone.lv\/en\/wp-json\/wp\/v2\/product"}],"about":[{"href":"https:\/\/zoozone.lv\/en\/wp-json\/wp\/v2\/types\/product"}],"replies":[{"embeddable":true,"href":"https:\/\/zoozone.lv\/en\/wp-json\/wp\/v2\/comments?post=29657"}],"version-history":[{"count":1,"href":"https:\/\/zoozone.lv\/en\/wp-json\/wp\/v2\/product\/29657\/revisions"}],"predecessor-version":[{"id":31075,"href":"https:\/\/zoozone.lv\/en\/wp-json\/wp\/v2\/product\/29657\/revisions\/31075"}],"wp:featuredmedia":[{"embeddable":true,"href":"https:\/\/zoozone.lv\/en\/wp-json\/wp\/v2\/media\/29222"}],"wp:attachment":[{"href":"https:\/\/zoozone.lv\/en\/wp-json\/wp\/v2\/media?parent=29657"}],"wp:term":[{"taxonomy":"product_brand","embeddable":true,"href":"https:\/\/zoozone.lv\/en\/wp-json\/wp\/v2\/product_brand?post=29657"},{"taxonomy":"product_cat","embeddable":true,"href":"https:\/\/zoozone.lv\/en\/wp-json\/wp\/v2\/product_cat?post=29657"},{"taxonomy":"product_tag","embeddable":true,"href":"https:\/\/zoozone.lv\/en\/wp-json\/wp\/v2\/product_tag?post=29657"}],"curies":[{"name":"wp","href":"https:\/\/api.w.org\/{rel}","templated":true}]}}