{"id":29081,"date":"2024-02-26T09:02:07","date_gmt":"2024-02-26T09:02:07","guid":{"rendered":"https:\/\/zoozone.lv\/product\/tetra-external-filter-ex-plus-various-sizes\/"},"modified":"2024-02-26T09:02:07","modified_gmt":"2024-02-26T09:02:07","slug":"tetra-external-filter-ex-plus-various-sizes","status":"publish","type":"product","link":"https:\/\/zoozone.lv\/en\/product\/tetra-external-filter-ex-plus-various-sizes\/","title":{"rendered":"Tetra External filter EX Plus (various sizes)"},"content":{"rendered":"<p>EX 500 ( l\u012bdz 100 l )<\/p>\n<p>EX 700 ( l\u012bdz 200 l )<\/p>\n<p>EX 1000 ( l\u012bdz 300 l )<\/p>\n<p>EX 1500 ( l\u012bdz 600 l )<\/p>\n<p>Strong external filter, filter material included.<\/p>\n","protected":false},"excerpt":{"rendered":"<p>EX 500 ( l\u012bdz 100 l ) EX 700 ( l\u012bdz 200 l ) EX 1000 ( l\u012bdz 300 l<\/p>\n","protected":false},"featured_media":28722,"comment_status":"open","ping_status":"closed","template":"","meta":{"nf_dc_page":""},"product_brand":[],"product_cat":[20,77],"product_tag":[],"class_list":{"0":"post-29081","1":"product","2":"type-product","3":"status-publish","4":"has-post-thumbnail","6":"product_cat-aquatic","7":"product_cat-filters","9":"first","10":"instock","11":"taxable","12":"shipping-taxable","13":"purchasable","14":"product-type-variable"},"_links":{"self":[{"href":"https:\/\/zoozone.lv\/en\/wp-json\/wp\/v2\/product\/29081","targetHints":{"allow":["GET"]}}],"collection":[{"href":"https:\/\/zoozone.lv\/en\/wp-json\/wp\/v2\/product"}],"about":[{"href":"https:\/\/zoozone.lv\/en\/wp-json\/wp\/v2\/types\/product"}],"replies":[{"embeddable":true,"href":"https:\/\/zoozone.lv\/en\/wp-json\/wp\/v2\/comments?post=29081"}],"version-history":[{"count":0,"href":"https:\/\/zoozone.lv\/en\/wp-json\/wp\/v2\/product\/29081\/revisions"}],"wp:featuredmedia":[{"embeddable":true,"href":"https:\/\/zoozone.lv\/en\/wp-json\/wp\/v2\/media\/28722"}],"wp:attachment":[{"href":"https:\/\/zoozone.lv\/en\/wp-json\/wp\/v2\/media?parent=29081"}],"wp:term":[{"taxonomy":"product_brand","embeddable":true,"href":"https:\/\/zoozone.lv\/en\/wp-json\/wp\/v2\/product_brand?post=29081"},{"taxonomy":"product_cat","embeddable":true,"href":"https:\/\/zoozone.lv\/en\/wp-json\/wp\/v2\/product_cat?post=29081"},{"taxonomy":"product_tag","embeddable":true,"href":"https:\/\/zoozone.lv\/en\/wp-json\/wp\/v2\/product_tag?post=29081"}],"curies":[{"name":"wp","href":"https:\/\/api.w.org\/{rel}","templated":true}]}}