{"id":27353,"date":"2024-02-18T17:35:40","date_gmt":"2024-02-18T17:35:40","guid":{"rendered":"https:\/\/zoozone.lv\/?post_type=product&#038;p=27353"},"modified":"2024-02-18T17:35:40","modified_gmt":"2024-02-18T17:35:40","slug":"majina-grauzejiem-sputnik","status":"publish","type":"product","link":"https:\/\/zoozone.lv\/en\/product\/majina-grauzejiem-sputnik\/","title":{"rendered":"M\u0101ji\u0146a grauz\u0113jiem &#8220;Sputnik&#8221;"},"content":{"rendered":"<p>Piederumi grauz\u0113ju b\u016brim.<\/p>\n","protected":false},"excerpt":{"rendered":"<p>Piederumi grauz\u0113ju b\u016brim.<\/p>\n","protected":false},"featured_media":27354,"comment_status":"open","ping_status":"closed","template":"","meta":{"nf_dc_page":""},"product_brand":[],"product_cat":[430,456],"product_tag":[],"class_list":{"0":"post-27353","1":"product","2":"type-product","3":"status-publish","4":"has-post-thumbnail","6":"product_cat-mazi-majdzivnieki","7":"product_cat-mazo-majdzivnieku-piederumi","9":"first","10":"instock","11":"taxable","12":"shipping-taxable","13":"purchasable","14":"product-type-simple"},"_links":{"self":[{"href":"https:\/\/zoozone.lv\/en\/wp-json\/wp\/v2\/product\/27353","targetHints":{"allow":["GET"]}}],"collection":[{"href":"https:\/\/zoozone.lv\/en\/wp-json\/wp\/v2\/product"}],"about":[{"href":"https:\/\/zoozone.lv\/en\/wp-json\/wp\/v2\/types\/product"}],"replies":[{"embeddable":true,"href":"https:\/\/zoozone.lv\/en\/wp-json\/wp\/v2\/comments?post=27353"}],"version-history":[{"count":1,"href":"https:\/\/zoozone.lv\/en\/wp-json\/wp\/v2\/product\/27353\/revisions"}],"predecessor-version":[{"id":27357,"href":"https:\/\/zoozone.lv\/en\/wp-json\/wp\/v2\/product\/27353\/revisions\/27357"}],"wp:featuredmedia":[{"embeddable":true,"href":"https:\/\/zoozone.lv\/en\/wp-json\/wp\/v2\/media\/27354"}],"wp:attachment":[{"href":"https:\/\/zoozone.lv\/en\/wp-json\/wp\/v2\/media?parent=27353"}],"wp:term":[{"taxonomy":"product_brand","embeddable":true,"href":"https:\/\/zoozone.lv\/en\/wp-json\/wp\/v2\/product_brand?post=27353"},{"taxonomy":"product_cat","embeddable":true,"href":"https:\/\/zoozone.lv\/en\/wp-json\/wp\/v2\/product_cat?post=27353"},{"taxonomy":"product_tag","embeddable":true,"href":"https:\/\/zoozone.lv\/en\/wp-json\/wp\/v2\/product_tag?post=27353"}],"curies":[{"name":"wp","href":"https:\/\/api.w.org\/{rel}","templated":true}]}}