{"id":26336,"date":"2024-02-13T19:30:16","date_gmt":"2024-02-13T19:30:16","guid":{"rendered":"https:\/\/zoozone.lv\/product\/container-for-pets-atlas-20-deluxe-open\/"},"modified":"2024-02-14T19:02:57","modified_gmt":"2024-02-14T19:02:57","slug":"container-for-pets-atlas-20-deluxe-open","status":"publish","type":"product","link":"https:\/\/zoozone.lv\/en\/product\/container-for-pets-atlas-20-deluxe-open\/","title":{"rendered":"Container for pets Atlas 20 Deluxe Open"},"content":{"rendered":"<p>Container for cats and small dogs<\/p>\n<p>37,4 x 57,6 x 33 cm<\/p>\n<p>Maksim\u0101l\u0101 ietilp\u012bba Atlas 10 Deluxe Open: 8 kg<\/p>\n","protected":false},"excerpt":{"rendered":"<p>Container for cats and small dogs 37,4 x 57,6 x 33 cm Maksim\u0101l\u0101 ietilp\u012bba Atlas 10 Deluxe Open: 8 kg<\/p>\n","protected":false},"featured_media":25937,"comment_status":"open","ping_status":"closed","template":"","meta":{"nf_dc_page":""},"product_brand":[],"product_cat":[94,29,104,32],"product_tag":[],"class_list":{"0":"post-26336","1":"product","2":"type-product","3":"status-publish","4":"has-post-thumbnail","6":"product_cat-cat_carriers_transport","7":"product_cat-cats","8":"product_cat-crates_dog_travel","9":"product_cat-dogs","11":"first","12":"instock","13":"taxable","14":"shipping-taxable","15":"purchasable","16":"product-type-simple"},"_links":{"self":[{"href":"https:\/\/zoozone.lv\/en\/wp-json\/wp\/v2\/product\/26336","targetHints":{"allow":["GET"]}}],"collection":[{"href":"https:\/\/zoozone.lv\/en\/wp-json\/wp\/v2\/product"}],"about":[{"href":"https:\/\/zoozone.lv\/en\/wp-json\/wp\/v2\/types\/product"}],"replies":[{"embeddable":true,"href":"https:\/\/zoozone.lv\/en\/wp-json\/wp\/v2\/comments?post=26336"}],"version-history":[{"count":1,"href":"https:\/\/zoozone.lv\/en\/wp-json\/wp\/v2\/product\/26336\/revisions"}],"predecessor-version":[{"id":26339,"href":"https:\/\/zoozone.lv\/en\/wp-json\/wp\/v2\/product\/26336\/revisions\/26339"}],"wp:featuredmedia":[{"embeddable":true,"href":"https:\/\/zoozone.lv\/en\/wp-json\/wp\/v2\/media\/25937"}],"wp:attachment":[{"href":"https:\/\/zoozone.lv\/en\/wp-json\/wp\/v2\/media?parent=26336"}],"wp:term":[{"taxonomy":"product_brand","embeddable":true,"href":"https:\/\/zoozone.lv\/en\/wp-json\/wp\/v2\/product_brand?post=26336"},{"taxonomy":"product_cat","embeddable":true,"href":"https:\/\/zoozone.lv\/en\/wp-json\/wp\/v2\/product_cat?post=26336"},{"taxonomy":"product_tag","embeddable":true,"href":"https:\/\/zoozone.lv\/en\/wp-json\/wp\/v2\/product_tag?post=26336"}],"curies":[{"name":"wp","href":"https:\/\/api.w.org\/{rel}","templated":true}]}}