{"id":22713,"date":"2024-01-30T14:38:04","date_gmt":"2024-01-30T14:38:04","guid":{"rendered":"https:\/\/zoozone.lv\/product\/integra-protect-canned-food-for-cats-oxalstein-beef-100gr\/"},"modified":"2024-04-11T16:17:07","modified_gmt":"2024-04-11T16:17:07","slug":"integra-protect-canned-food-for-cats-oxalstein-beef-100gr","status":"publish","type":"product","link":"https:\/\/zoozone.lv\/en\/product\/integra-protect-canned-food-for-cats-oxalstein-beef-100gr\/","title":{"rendered":"Integra Protect canned food for cats Oxalstein-beef 100gr"},"content":{"rendered":"<p>Protection against the formation of struvite and calcium oxalate stones.<\/p>\n<p>The special dietary food for the fight against struvite stones contains a balanced mineral content. \u012apa\u0161\u0101 di\u0113tisk\u0101 bar\u012bba c\u012b\u0146ai pret struv\u012bta akme\u0146iem satur sabalans\u0113tu miner\u0101lvielu saturu.&lt; If the pH value is 6.5, struvite stones can no longer form. &lt; This diet food contains no grains or sugar, no artificial colors or preservatives; even cats with health problems find it especially tasty.<\/p>\n<p>&nbsp;<\/p>\n","protected":false},"excerpt":{"rendered":"<p>Protection against the formation of struvite and calcium oxalate stones. The special dietary food for the fight against struvite stones<\/p>\n","protected":false},"featured_media":22485,"comment_status":"open","ping_status":"closed","template":"","meta":{"nf_dc_page":""},"product_brand":[],"product_cat":[280,71],"product_tag":[],"class_list":{"0":"post-22713","1":"product","2":"type-product","3":"status-publish","4":"has-post-thumbnail","6":"product_cat-cat-vet-food","7":"product_cat-veterinary","9":"first","10":"instock","11":"taxable","12":"shipping-taxable","13":"purchasable","14":"product-type-simple"},"_links":{"self":[{"href":"https:\/\/zoozone.lv\/en\/wp-json\/wp\/v2\/product\/22713","targetHints":{"allow":["GET"]}}],"collection":[{"href":"https:\/\/zoozone.lv\/en\/wp-json\/wp\/v2\/product"}],"about":[{"href":"https:\/\/zoozone.lv\/en\/wp-json\/wp\/v2\/types\/product"}],"replies":[{"embeddable":true,"href":"https:\/\/zoozone.lv\/en\/wp-json\/wp\/v2\/comments?post=22713"}],"version-history":[{"count":1,"href":"https:\/\/zoozone.lv\/en\/wp-json\/wp\/v2\/product\/22713\/revisions"}],"predecessor-version":[{"id":31364,"href":"https:\/\/zoozone.lv\/en\/wp-json\/wp\/v2\/product\/22713\/revisions\/31364"}],"wp:featuredmedia":[{"embeddable":true,"href":"https:\/\/zoozone.lv\/en\/wp-json\/wp\/v2\/media\/22485"}],"wp:attachment":[{"href":"https:\/\/zoozone.lv\/en\/wp-json\/wp\/v2\/media?parent=22713"}],"wp:term":[{"taxonomy":"product_brand","embeddable":true,"href":"https:\/\/zoozone.lv\/en\/wp-json\/wp\/v2\/product_brand?post=22713"},{"taxonomy":"product_cat","embeddable":true,"href":"https:\/\/zoozone.lv\/en\/wp-json\/wp\/v2\/product_cat?post=22713"},{"taxonomy":"product_tag","embeddable":true,"href":"https:\/\/zoozone.lv\/en\/wp-json\/wp\/v2\/product_tag?post=22713"}],"curies":[{"name":"wp","href":"https:\/\/api.w.org\/{rel}","templated":true}]}}