{"id":22697,"date":"2024-01-30T13:10:19","date_gmt":"2024-01-30T13:10:19","guid":{"rendered":"https:\/\/zoozone.lv\/product\/integra-protect-canned-food-for-dogs-nieren-renal-chicken-400gr\/"},"modified":"2024-04-11T16:28:35","modified_gmt":"2024-04-11T16:28:35","slug":"integra-protect-canned-food-for-dogs-nieren-renal-chicken-400gr","status":"publish","type":"product","link":"https:\/\/zoozone.lv\/en\/product\/integra-protect-canned-food-for-dogs-nieren-renal-chicken-400gr\/","title":{"rendered":"Integra Protect canned food for dogs Nieren Renal chicken 400gr"},"content":{"rendered":"<p>INTEGRA PROTECT Renal has been developed by veterinarians for dogs with chronic renal failure. \u0160\u012b di\u0113tisk\u0101 bar\u012bba satur maz\u0101k olbaltumvielu nek\u0101 parast\u0101 su\u0146u bar\u012bba. Special diet foods are also low in phosphorus, which can delay the progression of the condition. This food for four-legged friends with kidney failure can improve both the quality of life and the length of life of the dog.<\/p>\n<p>Meat and animal products (15% chicken, pork), vegetables (potatoes), oils and fats, vegetable products, minerals. Protein sources: chicken, pork.<\/p>\n","protected":false},"excerpt":{"rendered":"<p>INTEGRA PROTECT Renal has been developed by veterinarians for dogs with chronic renal failure. \u0160\u012b di\u0113tisk\u0101 bar\u012bba satur maz\u0101k olbaltumvielu<\/p>\n","protected":false},"featured_media":22439,"comment_status":"open","ping_status":"closed","template":"","meta":{"nf_dc_page":""},"product_brand":[],"product_cat":[279,71],"product_tag":[],"class_list":{"0":"post-22697","1":"product","2":"type-product","3":"status-publish","4":"has-post-thumbnail","6":"product_cat-dog-vet-food","7":"product_cat-veterinary","9":"first","10":"instock","11":"taxable","12":"shipping-taxable","13":"purchasable","14":"product-type-simple"},"_links":{"self":[{"href":"https:\/\/zoozone.lv\/en\/wp-json\/wp\/v2\/product\/22697","targetHints":{"allow":["GET"]}}],"collection":[{"href":"https:\/\/zoozone.lv\/en\/wp-json\/wp\/v2\/product"}],"about":[{"href":"https:\/\/zoozone.lv\/en\/wp-json\/wp\/v2\/types\/product"}],"replies":[{"embeddable":true,"href":"https:\/\/zoozone.lv\/en\/wp-json\/wp\/v2\/comments?post=22697"}],"version-history":[{"count":1,"href":"https:\/\/zoozone.lv\/en\/wp-json\/wp\/v2\/product\/22697\/revisions"}],"predecessor-version":[{"id":31391,"href":"https:\/\/zoozone.lv\/en\/wp-json\/wp\/v2\/product\/22697\/revisions\/31391"}],"wp:featuredmedia":[{"embeddable":true,"href":"https:\/\/zoozone.lv\/en\/wp-json\/wp\/v2\/media\/22439"}],"wp:attachment":[{"href":"https:\/\/zoozone.lv\/en\/wp-json\/wp\/v2\/media?parent=22697"}],"wp:term":[{"taxonomy":"product_brand","embeddable":true,"href":"https:\/\/zoozone.lv\/en\/wp-json\/wp\/v2\/product_brand?post=22697"},{"taxonomy":"product_cat","embeddable":true,"href":"https:\/\/zoozone.lv\/en\/wp-json\/wp\/v2\/product_cat?post=22697"},{"taxonomy":"product_tag","embeddable":true,"href":"https:\/\/zoozone.lv\/en\/wp-json\/wp\/v2\/product_tag?post=22697"}],"curies":[{"name":"wp","href":"https:\/\/api.w.org\/{rel}","templated":true}]}}