{"id":21369,"date":"2024-01-25T16:27:47","date_gmt":"2024-01-25T16:27:47","guid":{"rendered":"https:\/\/zoozone.lv\/product\/animonda-canned-food-for-dogs-grancarno-beef-game-800gr\/"},"modified":"2024-04-11T18:16:29","modified_gmt":"2024-04-11T18:16:29","slug":"animonda-canned-food-for-dogs-grancarno-beef-game-800gr","status":"publish","type":"product","link":"https:\/\/zoozone.lv\/en\/product\/animonda-canned-food-for-dogs-grancarno-beef-game-800gr\/","title":{"rendered":"ANIMONDA canned food for dogs GranCarno beef + game 800gr"},"content":{"rendered":"<p>GranCarno is a high-quality, healthy and balanced diet for adult dogs aged 1 to 6 years. The selected fresh, meaty ingredients guarantee the taste that dogs appreciate so much. GranCarno provides all the necessary nutrients that an adult dog needs.<\/p>\n<ul>\n<li>100% fresh, meaty ingredients<\/li>\n<li>meaty pieces<\/li>\n<li>no grains, no soy<\/li>\n<li>no artificial colors or preservatives<\/li>\n<li>made in Germany<\/li>\n<\/ul>\n<div class=\"oSioSc\">\n<div id=\"tw-target\">\n<div id=\"kAz1tf\" class=\"g9WsWb\">\n<div id=\"tw-target-text-container\" class=\"tw-ta-container hide-focus-ring tw-nfl\" tabindex=\"0\">\n<pre id=\"tw-target-text\" class=\"tw-data-text tw-text-large tw-ta\" dir=\"ltr\" data-placeholder=\"Tulkojums\"><span lang=\"lv\" style=\"font-family: georgia, palatino, serif;\">50% liellopu ga\u013cas (plau\u0161as, aknas, ga\u013ca, sirdis, nieres, tesme\u0146i), 18% med\u012bjuma ga\u013cas, kalcija karbon\u0101ts.\n\n<\/span><\/pre>\n<\/div>\n<\/div>\n<\/div>\n<\/div>\n","protected":false},"excerpt":{"rendered":"<p>GranCarno is a high-quality, healthy and balanced diet for adult dogs aged 1 to 6 years. The selected fresh, meaty<\/p>\n","protected":false},"featured_media":21129,"comment_status":"open","ping_status":"closed","template":"","meta":{"nf_dc_page":""},"product_brand":[],"product_cat":[114,32],"product_tag":[],"class_list":{"0":"post-21369","1":"product","2":"type-product","3":"status-publish","4":"has-post-thumbnail","6":"product_cat-dog_wet_food","7":"product_cat-dogs","9":"first","10":"outofstock","11":"taxable","12":"shipping-taxable","13":"purchasable","14":"product-type-simple"},"_links":{"self":[{"href":"https:\/\/zoozone.lv\/en\/wp-json\/wp\/v2\/product\/21369","targetHints":{"allow":["GET"]}}],"collection":[{"href":"https:\/\/zoozone.lv\/en\/wp-json\/wp\/v2\/product"}],"about":[{"href":"https:\/\/zoozone.lv\/en\/wp-json\/wp\/v2\/types\/product"}],"replies":[{"embeddable":true,"href":"https:\/\/zoozone.lv\/en\/wp-json\/wp\/v2\/comments?post=21369"}],"version-history":[{"count":1,"href":"https:\/\/zoozone.lv\/en\/wp-json\/wp\/v2\/product\/21369\/revisions"}],"predecessor-version":[{"id":31675,"href":"https:\/\/zoozone.lv\/en\/wp-json\/wp\/v2\/product\/21369\/revisions\/31675"}],"wp:featuredmedia":[{"embeddable":true,"href":"https:\/\/zoozone.lv\/en\/wp-json\/wp\/v2\/media\/21129"}],"wp:attachment":[{"href":"https:\/\/zoozone.lv\/en\/wp-json\/wp\/v2\/media?parent=21369"}],"wp:term":[{"taxonomy":"product_brand","embeddable":true,"href":"https:\/\/zoozone.lv\/en\/wp-json\/wp\/v2\/product_brand?post=21369"},{"taxonomy":"product_cat","embeddable":true,"href":"https:\/\/zoozone.lv\/en\/wp-json\/wp\/v2\/product_cat?post=21369"},{"taxonomy":"product_tag","embeddable":true,"href":"https:\/\/zoozone.lv\/en\/wp-json\/wp\/v2\/product_tag?post=21369"}],"curies":[{"name":"wp","href":"https:\/\/api.w.org\/{rel}","templated":true}]}}