{"id":19883,"date":"2024-01-17T16:06:53","date_gmt":"2024-01-17T16:06:53","guid":{"rendered":"https:\/\/zoozone.lv\/?post_type=product&#038;p=19883"},"modified":"2024-01-17T16:06:53","modified_gmt":"2024-01-17T16:06:53","slug":"8in1-sampuns-suniem-ar-tejkoka-ellu","status":"publish","type":"product","link":"https:\/\/zoozone.lv\/en\/product\/8in1-sampuns-suniem-ar-tejkoka-ellu\/","title":{"rendered":"8in1 \u0160amp\u016bns su\u0146iem ar t\u0113jkoka e\u013c\u013cu"},"content":{"rendered":"<p>250ml<\/p>\n","protected":false},"excerpt":{"rendered":"<p>250ml<\/p>\n","protected":false},"featured_media":19884,"comment_status":"open","ping_status":"closed","template":"","meta":{"nf_dc_page":""},"product_brand":[],"product_cat":[398,1080,410],"product_tag":[],"class_list":{"0":"post-19883","1":"product","2":"type-product","3":"status-publish","4":"has-post-thumbnail","6":"product_cat-suni","7":"product_cat-sunu-higiena","8":"product_cat-sunu-kopsana-un-aprupe","10":"first","11":"instock","12":"taxable","13":"shipping-taxable","14":"purchasable","15":"product-type-simple"},"_links":{"self":[{"href":"https:\/\/zoozone.lv\/en\/wp-json\/wp\/v2\/product\/19883","targetHints":{"allow":["GET"]}}],"collection":[{"href":"https:\/\/zoozone.lv\/en\/wp-json\/wp\/v2\/product"}],"about":[{"href":"https:\/\/zoozone.lv\/en\/wp-json\/wp\/v2\/types\/product"}],"replies":[{"embeddable":true,"href":"https:\/\/zoozone.lv\/en\/wp-json\/wp\/v2\/comments?post=19883"}],"version-history":[{"count":2,"href":"https:\/\/zoozone.lv\/en\/wp-json\/wp\/v2\/product\/19883\/revisions"}],"predecessor-version":[{"id":31246,"href":"https:\/\/zoozone.lv\/en\/wp-json\/wp\/v2\/product\/19883\/revisions\/31246"}],"wp:featuredmedia":[{"embeddable":true,"href":"https:\/\/zoozone.lv\/en\/wp-json\/wp\/v2\/media\/19884"}],"wp:attachment":[{"href":"https:\/\/zoozone.lv\/en\/wp-json\/wp\/v2\/media?parent=19883"}],"wp:term":[{"taxonomy":"product_brand","embeddable":true,"href":"https:\/\/zoozone.lv\/en\/wp-json\/wp\/v2\/product_brand?post=19883"},{"taxonomy":"product_cat","embeddable":true,"href":"https:\/\/zoozone.lv\/en\/wp-json\/wp\/v2\/product_cat?post=19883"},{"taxonomy":"product_tag","embeddable":true,"href":"https:\/\/zoozone.lv\/en\/wp-json\/wp\/v2\/product_tag?post=19883"}],"curies":[{"name":"wp","href":"https:\/\/api.w.org\/{rel}","templated":true}]}}