{"id":17930,"date":"2023-12-29T12:43:08","date_gmt":"2023-12-29T12:43:08","guid":{"rendered":"https:\/\/zoozone.lv\/?post_type=product&#038;p=17930"},"modified":"2025-10-09T06:58:01","modified_gmt":"2025-10-09T06:58:01","slug":"acana-suniem-ranchlands-recipe","status":"publish","type":"product","link":"https:\/\/zoozone.lv\/en\/product\/acana-suniem-ranchlands-recipe\/","title":{"rendered":"ACANA su\u0146iem RANCHLANDS RECIPE"},"content":{"rendered":"<div class=\"page_titles\"><span id=\"page-subtitle\" class=\"subtitle\" style=\"color: #ff9900; font-size: 14pt;\">VIS\u0100M \u0160\u0136IRN\u0112M UN DZ\u012aVES POSMIEM<\/span><\/div>\n<div class=\"custom_content\">\n<p>ACANA Ranchlands bar\u012bbas izstr\u0101d\u0101t\u0101ji ir sm\u0113lu\u0161ies iedvesmu Albertas pla\u0161aj\u0101s un augl\u012bgaj\u0101s lauku saimniec\u012bb\u0101s, t\u0101d\u0113\u013c t\u0101 satur unik\u0101las svaigas viet\u0113j\u0101 re\u0123iona izcelsmes sast\u0101vda\u013cas, tostarp lauku saimniec\u012bb\u0101s audz\u0113tu m\u0101jlopu ga\u013cu un Rietumkan\u0101das piekrastes \u016bde\u0146os zvejotas zivis.<\/p>\n<p>ACANA Ranchlands\u00a0bar\u012bba ir bag\u0101ta ar \u2018Angus\u2019 \u0161\u0137irnes liellopu ga\u013cu, ar z\u0101li barotu j\u0113ru ga\u013cu, Jork\u0161\u012bras c\u016bku ga\u013cu un l\u012bdzenumu bizonu ga\u013cu un veseliem savva\u013c\u0101 zvejotiem zandartiem, t\u0101d\u0113\u013c t\u0101 ir p\u0101rpilna ar bar\u012bbas viel\u0101m un ir \u013coti gar\u0161\u012bga.<\/p>\n<p>ACANA nodro\u0161ina olbaltumviel\u0101m bag\u0101tu bar\u012bbu ar ierobe\u017eotu og\u013chidr\u0101tu saturu, kas iemantojusi uztic\u012bbu vis\u0101 pasaul\u0113 un uzlabo visu \u0161\u0137ir\u0146u su\u0146u visp\u0101r\u0113jo vesel\u012bbu visos to dz\u012bves posmos. Iepaz\u012bstieties ar sast\u0101vda\u013c\u0101m \u2013 m\u0113s dom\u0101jam, ka j\u016bs mums piekrit\u012bsiet. <em>Svaiga \u201eAngus\u201c \u0161\u0137irnes liellopu ga\u013ca (8%), neapstr\u0101d\u0101ta ar z\u0101li barota j\u0113ra ga\u013ca (7%), svaiga Jork\u0161\u012bras \u0161\u0137irnes c\u016bku ga\u013ca (7%), liellopu ga\u013ca milti (7%), j\u0113ra ga\u013cas milti (7%), c\u016bkga\u013cas milti (7%), veseli za\u013cie zir\u0146i, veselas sarkan\u0101s l\u0113cas, veseli aunazir\u0146i, liellopu tauki (5%), svaigas liellopu aknas (4%), svaigas c\u016bku aknas (4%), svaiga bizo\u0146u ga\u013ca (4%), svaigs savva\u013c\u0101 zvejots zandarts (4%), veselas za\u013c\u0101s l\u0113cas, veselas pinto pupi\u0146as, veseli dzeltenie zir\u0146i, saul\u0113 kalt\u0113ta lucerna, svaigas liellopu aknas (2%), polloku e\u013c\u013ca (2%), l\u0113cu \u0161\u0137iedras, kalt\u0113ti liellopu skrim\u0161\u013ci (1%), neapstr\u0101d\u0101tas j\u0113ra sp\u0113\u0137es (1%), kalt\u0113tas br\u016bna\u013c\u0123es, svaigi \u0137irbji, svaigi sviesta \u0137irbji, svaigi pastinaki, svaigi za\u013cie kacenk\u0101posti, svaigi spin\u0101ti, svaigi sinepju laksti, svaigu r\u0101ce\u0146u laksti, svaigi burk\u0101ni, svaigi \u201eRed Delicious\u201c \u0161\u0137irnes \u0101boli, svaigi \u201eBartlett\u201c \u0161\u0137irnes bumbieri, ar sublim\u0101cijas metodi \u017e\u0101v\u0113tas aknas, (liellopu, j\u0113ru, c\u016bku) (0,1%), svaigas dz\u0113rvenes, svaigas mellenes, cigori\u0146a sakne, kurkumas sakne, piena dzelksnis, di\u017edad\u017ea sakne, lavanda, \u0101rstniec\u012bbas altejas sakne, me\u017ero\u017eu aug\u013ci.<\/em><\/p>\n<\/div>\n<p>ACANA Ranchlands satur nep\u0101rsp\u0113ti daudzveid\u012bgas viet\u0113j\u0101s izcelsmes sast\u0101vda\u013cas, ko audz\u0113ju\u0161i vai zvejoju\u0161i cilv\u0113ki, kurus m\u0113s paz\u012bstam un kuriem uzticamies, t\u0101 ir atz\u012bta par piem\u0113rotu lieto\u0161anai cilv\u0113ku uztur\u0101 un katru dienu svaiga tiek pieg\u0101d\u0101ta m\u016bsu godalgotaj\u0101s NorthStar virtuv\u0113s!<\/p>\n","protected":false},"excerpt":{"rendered":"<p>VIS\u0100M \u0160\u0136IRN\u0112M UN DZ\u012aVES POSMIEM ACANA Ranchlands bar\u012bbas izstr\u0101d\u0101t\u0101ji ir sm\u0113lu\u0161ies iedvesmu Albertas pla\u0161aj\u0101s un augl\u012bgaj\u0101s lauku saimniec\u012bb\u0101s, t\u0101d\u0113\u013c t\u0101<\/p>\n","protected":false},"featured_media":17931,"comment_status":"open","ping_status":"closed","template":"","meta":{"nf_dc_page":""},"product_brand":[],"product_cat":[398,408],"product_tag":[],"class_list":{"0":"post-17930","1":"product","2":"type-product","3":"status-publish","4":"has-post-thumbnail","6":"product_cat-suni","7":"product_cat-sunu-sausa-bariba","9":"first","10":"instock","11":"taxable","12":"shipping-taxable","13":"purchasable","14":"product-type-variable"},"_links":{"self":[{"href":"https:\/\/zoozone.lv\/en\/wp-json\/wp\/v2\/product\/17930","targetHints":{"allow":["GET"]}}],"collection":[{"href":"https:\/\/zoozone.lv\/en\/wp-json\/wp\/v2\/product"}],"about":[{"href":"https:\/\/zoozone.lv\/en\/wp-json\/wp\/v2\/types\/product"}],"replies":[{"embeddable":true,"href":"https:\/\/zoozone.lv\/en\/wp-json\/wp\/v2\/comments?post=17930"}],"version-history":[{"count":1,"href":"https:\/\/zoozone.lv\/en\/wp-json\/wp\/v2\/product\/17930\/revisions"}],"predecessor-version":[{"id":17937,"href":"https:\/\/zoozone.lv\/en\/wp-json\/wp\/v2\/product\/17930\/revisions\/17937"}],"wp:featuredmedia":[{"embeddable":true,"href":"https:\/\/zoozone.lv\/en\/wp-json\/wp\/v2\/media\/17931"}],"wp:attachment":[{"href":"https:\/\/zoozone.lv\/en\/wp-json\/wp\/v2\/media?parent=17930"}],"wp:term":[{"taxonomy":"product_brand","embeddable":true,"href":"https:\/\/zoozone.lv\/en\/wp-json\/wp\/v2\/product_brand?post=17930"},{"taxonomy":"product_cat","embeddable":true,"href":"https:\/\/zoozone.lv\/en\/wp-json\/wp\/v2\/product_cat?post=17930"},{"taxonomy":"product_tag","embeddable":true,"href":"https:\/\/zoozone.lv\/en\/wp-json\/wp\/v2\/product_tag?post=17930"}],"curies":[{"name":"wp","href":"https:\/\/api.w.org\/{rel}","templated":true}]}}